{"id":24086,"date":"2025-05-06T06:47:22","date_gmt":"2025-05-06T06:47:22","guid":{"rendered":"https:\/\/mobecor.ee\/?post_type=product&#038;p=24086"},"modified":"2026-03-30T15:59:07","modified_gmt":"2026-03-30T12:59:07","slug":"riidekapp-belfort-48","status":"publish","type":"product","link":"https:\/\/mobecor.ee\/en\/toode\/riidekapp-belfort-48\/","title":{"rendered":"Riidekapp Belfort 70 (95\/60\/198)"},"content":{"rendered":"<p><strong>NB! Antud toode on tootmisest v\u00e4ljas ja juurde tellida ei saa.<\/strong><br \/>\nRiidekapil on 2 ust. Uste taga on m\u00fctsiriiul ja riidepuutoru.<br \/>\nV\u00e4rv: korpus &#8211; valge; esipinnad &#8211; valge k\u00f5rgl\u00e4ikega\/p\u00e4hkel Sandiego.<br \/>\nMaterjal: kvaliteetne lamineeritud m\u00f6\u00f6bliplaat.<br \/>\nToodetud: Poolas.<br \/>\nToode tarnitakse\u00a0detailidena.<br \/>\nLaius: 95 cm.<br \/>\nS\u00fcgavus: 60 cm.<br \/>\nK\u00f5rgus: 198\u00a0cm.<br \/>\nKaal: 73 kg.<br \/>\n<strong>Tarneaeg: laos kohe olemas.<\/strong><\/p>\n","protected":false},"excerpt":{"rendered":"<p>NB! Antud toode on tootmisest v\u00e4ljas ja juurde tellida ei saa. Riidekapil on 2 ust. Uste taga on m\u00fctsiriiul ja&#8230;<\/p>\n","protected":false},"featured_media":64949,"template":"","meta":{"_acf_changed":false,"inline_featured_image":false},"series":[],"product_brand":[2941],"product_cat":[327,2923],"product_tag":[],"class_list":{"0":"post-24086","1":"product","2":"type-product","3":"status-publish","4":"has-post-thumbnail","6":"product_brand-szynaka","7":"product_cat-2-uksega-kapid","8":"product_cat-riidekapid-laos","10":"first","11":"instock","12":"sale","13":"taxable","14":"shipping-taxable","15":"purchasable","16":"product-type-simple"},"acf":[],"_links":{"self":[{"href":"https:\/\/mobecor.ee\/en\/wp-json\/wp\/v2\/product\/24086","targetHints":{"allow":["GET"]}}],"collection":[{"href":"https:\/\/mobecor.ee\/en\/wp-json\/wp\/v2\/product"}],"about":[{"href":"https:\/\/mobecor.ee\/en\/wp-json\/wp\/v2\/types\/product"}],"wp:featuredmedia":[{"embeddable":true,"href":"https:\/\/mobecor.ee\/en\/wp-json\/wp\/v2\/media\/64949"}],"wp:attachment":[{"href":"https:\/\/mobecor.ee\/en\/wp-json\/wp\/v2\/media?parent=24086"}],"wp:term":[{"taxonomy":"series","embeddable":true,"href":"https:\/\/mobecor.ee\/en\/wp-json\/wp\/v2\/series?post=24086"},{"taxonomy":"product_brand","embeddable":true,"href":"https:\/\/mobecor.ee\/en\/wp-json\/wp\/v2\/product_brand?post=24086"},{"taxonomy":"product_cat","embeddable":true,"href":"https:\/\/mobecor.ee\/en\/wp-json\/wp\/v2\/product_cat?post=24086"},{"taxonomy":"product_tag","embeddable":true,"href":"https:\/\/mobecor.ee\/en\/wp-json\/wp\/v2\/product_tag?post=24086"}],"curies":[{"name":"wp","href":"https:\/\/api.w.org\/{rel}","templated":true}]}}