{"id":24116,"date":"2025-05-06T06:50:45","date_gmt":"2025-05-06T06:50:45","guid":{"rendered":"https:\/\/mobecor.ee\/?post_type=product&#038;p=24116"},"modified":"2025-12-05T10:38:27","modified_gmt":"2025-12-05T08:38:27","slug":"sokkel-creativa","status":"publish","type":"product","link":"https:\/\/mobecor.ee\/en\/toode\/sokkel-creativa\/","title":{"rendered":"Sokkel Creativa"},"content":{"rendered":"<p><span style=\"font-size: 10pt;\">Sokkel on saadaval laiusega 100 cm; 160 cm v\u00f5i 220 cm.<br \/>\nVajadusel peab ise l\u00f5ikama l\u00fchemaks.<br \/>\nValmistatud kvaliteetsest melamiinkattega laminaadist.<br \/>\nV\u00e4rvivalik: sonoma; artisan; andersen.<br \/>\nValmistatud: Poolas.<br \/>\nTarnitakse detailidena.<br \/>\nTarneaeg: 4-8 n\u00e4dalat.<\/span><\/p>\n","protected":false},"excerpt":{"rendered":"<p>Sokkel on saadaval laiusega 100 cm; 160 cm v\u00f5i 220 cm. Vajadusel peab ise l\u00f5ikama l\u00fchemaks. Valmistatud kvaliteetsest melamiinkattega laminaadist&#8230;.<\/p>\n","protected":false},"featured_media":97721,"template":"","meta":{"_acf_changed":false,"inline_featured_image":false},"series":[],"product_brand":[2914],"product_cat":[232],"product_tag":[],"class_list":{"0":"post-24116","1":"product","2":"type-product","3":"status-publish","4":"has-post-thumbnail","6":"product_brand-fadome","7":"product_cat-creativa-porandakapid","9":"first","10":"instock","11":"taxable","12":"shipping-taxable","13":"purchasable","14":"product-type-variable"},"acf":[],"_links":{"self":[{"href":"https:\/\/mobecor.ee\/en\/wp-json\/wp\/v2\/product\/24116","targetHints":{"allow":["GET"]}}],"collection":[{"href":"https:\/\/mobecor.ee\/en\/wp-json\/wp\/v2\/product"}],"about":[{"href":"https:\/\/mobecor.ee\/en\/wp-json\/wp\/v2\/types\/product"}],"wp:featuredmedia":[{"embeddable":true,"href":"https:\/\/mobecor.ee\/en\/wp-json\/wp\/v2\/media\/97721"}],"wp:attachment":[{"href":"https:\/\/mobecor.ee\/en\/wp-json\/wp\/v2\/media?parent=24116"}],"wp:term":[{"taxonomy":"series","embeddable":true,"href":"https:\/\/mobecor.ee\/en\/wp-json\/wp\/v2\/series?post=24116"},{"taxonomy":"product_brand","embeddable":true,"href":"https:\/\/mobecor.ee\/en\/wp-json\/wp\/v2\/product_brand?post=24116"},{"taxonomy":"product_cat","embeddable":true,"href":"https:\/\/mobecor.ee\/en\/wp-json\/wp\/v2\/product_cat?post=24116"},{"taxonomy":"product_tag","embeddable":true,"href":"https:\/\/mobecor.ee\/en\/wp-json\/wp\/v2\/product_tag?post=24116"}],"curies":[{"name":"wp","href":"https:\/\/api.w.org\/{rel}","templated":true}]}}