{"id":24166,"date":"2025-05-06T07:07:25","date_gmt":"2025-05-06T07:07:25","guid":{"rendered":"https:\/\/mobecor.ee\/?post_type=product&#038;p=24166"},"modified":"2026-02-13T13:50:30","modified_gmt":"2026-02-13T11:50:30","slug":"voodi-antica-a-7","status":"publish","type":"product","link":"https:\/\/mobecor.ee\/en\/toode\/voodi-antica-a-7\/","title":{"rendered":"\u00d6\u00f6kapp Antica A-7 (38,5\/37\/50)"},"content":{"rendered":"<p>\u00d6\u00f6kapil on 1 uks.<br \/>\nMaterjal: kvaliteetne ja vastupidav melamiinkattega\u00a0laminaat.<br \/>\nV\u00e4rvivalik: kuldne tamm; tamm lefkas.<br \/>\nToodetud: Poolas.<br \/>\nToode tarnitakse detailidena.<br \/>\n<span style=\"line-height: 1.3em; font-size: 10pt;\"><br \/>\n<\/span><\/p>\n","protected":false},"excerpt":{"rendered":"<p>Laius: 38,5 cm.<br \/>\nS\u00fcgavus: 37 cm.<br \/>\nK\u00f5rgus: 50 cm.<br \/>\nTarneaeg: 4-8 n\u00e4dalat.<br \/>\n<strong>Laos kohe olemas v\u00e4rviga: tamm lefkas. Antud v\u00e4rv on tootmisest v\u00e4ljas ja juurde tellida ei saa. Laos viimane.<\/strong><span style=\"line-height: 1.3em; font-size: 10pt;\"><br \/>\n<\/span><\/p>\n","protected":false},"featured_media":5010,"template":"","meta":{"_acf_changed":false,"inline_featured_image":false},"series":[2717],"product_brand":[2946],"product_cat":[231],"product_tag":[],"class_list":{"0":"post-24166","1":"product","2":"type-product","3":"status-publish","4":"has-post-thumbnail","6":"series-antica","7":"product_brand-jarstol","8":"product_cat-ookapid","10":"first","11":"instock","12":"taxable","13":"shipping-taxable","14":"purchasable","15":"product-type-variable"},"acf":[],"_links":{"self":[{"href":"https:\/\/mobecor.ee\/en\/wp-json\/wp\/v2\/product\/24166","targetHints":{"allow":["GET"]}}],"collection":[{"href":"https:\/\/mobecor.ee\/en\/wp-json\/wp\/v2\/product"}],"about":[{"href":"https:\/\/mobecor.ee\/en\/wp-json\/wp\/v2\/types\/product"}],"wp:featuredmedia":[{"embeddable":true,"href":"https:\/\/mobecor.ee\/en\/wp-json\/wp\/v2\/media\/5010"}],"wp:attachment":[{"href":"https:\/\/mobecor.ee\/en\/wp-json\/wp\/v2\/media?parent=24166"}],"wp:term":[{"taxonomy":"series","embeddable":true,"href":"https:\/\/mobecor.ee\/en\/wp-json\/wp\/v2\/series?post=24166"},{"taxonomy":"product_brand","embeddable":true,"href":"https:\/\/mobecor.ee\/en\/wp-json\/wp\/v2\/product_brand?post=24166"},{"taxonomy":"product_cat","embeddable":true,"href":"https:\/\/mobecor.ee\/en\/wp-json\/wp\/v2\/product_cat?post=24166"},{"taxonomy":"product_tag","embeddable":true,"href":"https:\/\/mobecor.ee\/en\/wp-json\/wp\/v2\/product_tag?post=24166"}],"curies":[{"name":"wp","href":"https:\/\/api.w.org\/{rel}","templated":true}]}}