{"id":24172,"date":"2025-05-06T07:07:43","date_gmt":"2025-05-06T07:07:43","guid":{"rendered":"https:\/\/mobecor.ee\/?post_type=product&#038;p=24172"},"modified":"2026-03-12T12:11:26","modified_gmt":"2026-03-12T10:11:26","slug":"vedrumadrats-tango-pocket","status":"publish","type":"product","link":"https:\/\/mobecor.ee\/en\/toode\/vedrumadrats-tango-pocket\/","title":{"rendered":"Vedrumadrats Tango Pocket"},"content":{"rendered":"<p>\u00dchepoolne keskmise tugevusega madrats, mis p\u00f5hineb eriti k\u00f5rgel s\u00f5ltumatul Pocket vedruplokil (vedrud on pakitud eraldi riidest kottidesse).<br \/>\nSelline vedruploki disain tagab keha \u00fchtlase kaalujaotuse, andes madratsile tugevad ortopeedilised omadused.<br \/>\nVedruplokk on tugevdatud metallraamiga.<br \/>\nVedrude vaheline vildikiht ja madratsi teppimise sisse kuuluv k\u00f5rgtehnoloogiline vahtpol\u00fcuretaan annab madratsile tugevuse ja kaitseb vahtpol\u00fcuretaani paremini metalli eest.<br \/>\nKate on valmistatud mittevenivast, vastupidavast kangast.<br \/>\nSisu:<br \/>\n* pol\u00fcuretaanvaht 2 cm.<br \/>\n* vilt.<br \/>\n* pocket\u00a0vedru\u00a0(k\u00f5rgus 18,5 cm\/traadi l\u00e4bim\u00f5\u00f5t 1,8 mm) + metallraam (9mm*2,5mm).<br \/>\n* vilt.<br \/>\n* pol\u00fcuretaanvaht\u00a00,5 cm.<br \/>\nToodetud: L\u00e4tis.<\/p>\n","protected":false},"excerpt":{"rendered":"<p>K\u00f5rgus: 21 cm.<br \/>\nS\u00fcgavus: 200 cm.<br \/>\nLaiused: 80; 90; 120; 140; 160; 180 cm.<br \/>\nTarneaeg: kuni 4 n\u00e4dalat.<\/p>\n","protected":false},"featured_media":5022,"template":"","meta":{"_acf_changed":false,"inline_featured_image":false},"series":[],"product_brand":[2858],"product_cat":[337],"product_tag":[],"class_list":{"0":"post-24172","1":"product","2":"type-product","3":"status-publish","4":"has-post-thumbnail","6":"product_brand-sendeko","7":"product_cat-sendeko-vedrumadratsid","9":"first","10":"instock","11":"taxable","12":"shipping-taxable","13":"purchasable","14":"product-type-variable"},"acf":[],"_links":{"self":[{"href":"https:\/\/mobecor.ee\/en\/wp-json\/wp\/v2\/product\/24172","targetHints":{"allow":["GET"]}}],"collection":[{"href":"https:\/\/mobecor.ee\/en\/wp-json\/wp\/v2\/product"}],"about":[{"href":"https:\/\/mobecor.ee\/en\/wp-json\/wp\/v2\/types\/product"}],"wp:featuredmedia":[{"embeddable":true,"href":"https:\/\/mobecor.ee\/en\/wp-json\/wp\/v2\/media\/5022"}],"wp:attachment":[{"href":"https:\/\/mobecor.ee\/en\/wp-json\/wp\/v2\/media?parent=24172"}],"wp:term":[{"taxonomy":"series","embeddable":true,"href":"https:\/\/mobecor.ee\/en\/wp-json\/wp\/v2\/series?post=24172"},{"taxonomy":"product_brand","embeddable":true,"href":"https:\/\/mobecor.ee\/en\/wp-json\/wp\/v2\/product_brand?post=24172"},{"taxonomy":"product_cat","embeddable":true,"href":"https:\/\/mobecor.ee\/en\/wp-json\/wp\/v2\/product_cat?post=24172"},{"taxonomy":"product_tag","embeddable":true,"href":"https:\/\/mobecor.ee\/en\/wp-json\/wp\/v2\/product_tag?post=24172"}],"curies":[{"name":"wp","href":"https:\/\/api.w.org\/{rel}","templated":true}]}}