{"id":24173,"date":"2025-05-06T07:07:47","date_gmt":"2025-05-06T07:07:47","guid":{"rendered":"https:\/\/mobecor.ee\/?post_type=product&#038;p=24173"},"modified":"2026-03-12T12:11:17","modified_gmt":"2026-03-12T10:11:17","slug":"vedrumadrats-salsa","status":"publish","type":"product","link":"https:\/\/mobecor.ee\/en\/toode\/vedrumadrats-salsa\/","title":{"rendered":"Vedrumadrats Salsa"},"content":{"rendered":"<p>\u00dchepoolne keskmise j\u00e4ikusega madrats, mis p\u00f5hineb eriti k\u00f5rgel s\u00f5ltumatul Pocket vedruplokil (k\u00f5ik vedrud on pakitud eraldi riidest kottidesse).<br \/>\nSelline vedruploki disain tagab keha \u00fchtlase kaalujaotuse, andes madratsile tugevad ortopeedilised omadused.<br \/>\nVedruplokk on tugevdatud metallraami ja vildikihiga.<br \/>\nSuure vetruvusega pol\u00fcuretaanvahukiht (HR foam) annab madratsile piisavalt tugevust, muutmata seda j\u00e4igaks.<br \/>\nSee on suhteliselt k\u00f5va s\u00fcnteetiline materjal, kuid selle valmistamise tehnoloogia annab sellele pika &#8220;eluea&#8221;, s\u00e4ilitades selle omadused ja funktsionaalsuse.<br \/>\nSelle mudeli ainulaadne omadus on eemaldatav t\u00e4iendav\u00a0pealmine kate.<br \/>\nSisu:<br \/>\n* Eemaldatav pealismadrats.<br \/>\n* HR poroloon (tihedus 42kg\/m3);<br \/>\n* Vilt;<br \/>\n* Pocket vedrud + metallraam;<br \/>\n* Vilt;<br \/>\n* Poroloon\u00a0(tihedus 25kg\/m3).<br \/>\nMadratsi kate: m\u00f5lemalt poolt s\u00fcnteponiga tepitud\u00a0kangas (tihedus 300g\/m2).<br \/>\nToodetud: L\u00e4tis.<\/p>\n","protected":false},"excerpt":{"rendered":"<p>K\u00f5rgus: 26 cm.<br \/>\nS\u00fcgavus: 200 cm.<br \/>\nLaiused: 80; 90; 120; 140; 160; 180 cm.<br \/>\nTarneaeg: kuni 4 n\u00e4dalat.<\/p>\n","protected":false},"featured_media":5024,"template":"","meta":{"_acf_changed":false,"inline_featured_image":false},"series":[],"product_brand":[2858],"product_cat":[337],"product_tag":[],"class_list":{"0":"post-24173","1":"product","2":"type-product","3":"status-publish","4":"has-post-thumbnail","6":"product_brand-sendeko","7":"product_cat-sendeko-vedrumadratsid","9":"first","10":"instock","11":"taxable","12":"shipping-taxable","13":"purchasable","14":"product-type-variable"},"acf":[],"_links":{"self":[{"href":"https:\/\/mobecor.ee\/en\/wp-json\/wp\/v2\/product\/24173","targetHints":{"allow":["GET"]}}],"collection":[{"href":"https:\/\/mobecor.ee\/en\/wp-json\/wp\/v2\/product"}],"about":[{"href":"https:\/\/mobecor.ee\/en\/wp-json\/wp\/v2\/types\/product"}],"wp:featuredmedia":[{"embeddable":true,"href":"https:\/\/mobecor.ee\/en\/wp-json\/wp\/v2\/media\/5024"}],"wp:attachment":[{"href":"https:\/\/mobecor.ee\/en\/wp-json\/wp\/v2\/media?parent=24173"}],"wp:term":[{"taxonomy":"series","embeddable":true,"href":"https:\/\/mobecor.ee\/en\/wp-json\/wp\/v2\/series?post=24173"},{"taxonomy":"product_brand","embeddable":true,"href":"https:\/\/mobecor.ee\/en\/wp-json\/wp\/v2\/product_brand?post=24173"},{"taxonomy":"product_cat","embeddable":true,"href":"https:\/\/mobecor.ee\/en\/wp-json\/wp\/v2\/product_cat?post=24173"},{"taxonomy":"product_tag","embeddable":true,"href":"https:\/\/mobecor.ee\/en\/wp-json\/wp\/v2\/product_tag?post=24173"}],"curies":[{"name":"wp","href":"https:\/\/api.w.org\/{rel}","templated":true}]}}