{"id":24174,"date":"2025-05-06T07:07:50","date_gmt":"2025-05-06T07:07:50","guid":{"rendered":"https:\/\/mobecor.ee\/?post_type=product&#038;p=24174"},"modified":"2026-03-12T12:11:02","modified_gmt":"2026-03-12T10:11:02","slug":"vedrumadrats-twist-hard","status":"publish","type":"product","link":"https:\/\/mobecor.ee\/en\/toode\/vedrumadrats-twist-hard\/","title":{"rendered":"Vedrumadrats Twist Hard"},"content":{"rendered":"<p>\u00dchepoolne keskmise j\u00e4ikusega madrats, mis p\u00f5hineb eriti k\u00f5rgel s\u00f5ltumatul Pocket vedruplokil (k\u00f5ik vedrud on pakitud eraldi riidest kottidesse).<br \/>\nSelline vedruploki disain tagab keha \u00fchtlase kaalujaotuse, andes madratsile tugevad ortopeedilised omadused.<br \/>\nVedruplokk on tugevdatud metallraami ja vildikihiga.<br \/>\nSuure vetruvusega pol\u00fcuretaanvahukiht (HR foam) annab madratsile piisavalt tugevust, muutmata seda j\u00e4igaks.<br \/>\nSee on suhteliselt k\u00f5va s\u00fcnteetiline materjal, kuid selle valmistamise tehnoloogia annab sellele pika &#8220;eluea&#8221;, s\u00e4ilitades selle omadused ja funktsionaalsuse.<br \/>\nTWIST mudel koosneb kahest madratsist \u2013 p\u00f5himadratsist ja lisamadratsist (lisamadrats ei ole eemaldatav).<br \/>\nTWIST HARDi pealmine osa sisaldab sama HR vahtu.<br \/>\nSisu:<br \/>\n* HR vahuga kinnitatud pealismadrats (tihedus 35kg\/m3).<br \/>\n* HR vaht (tihedus 42kg\/m3)\u00a0\u00fchel k\u00fcljel;<br \/>\n* Vilt;<br \/>\n* Pocket vedrud + metallraam;<br \/>\n* Vilt.<br \/>\nToodetud: L\u00e4tis.<\/p>\n<p>&nbsp;<\/p>\n","protected":false},"excerpt":{"rendered":"<p>Madratsi k\u00f5rgus: 27 cm.<br \/>\nS\u00fcgavus: 200 cm.<br \/>\nLaiused: 80; 90; 120; 140; 160; 180 cm.<br \/>\nTarneaeg: kuni 4 n\u00e4dalat.<\/p>\n","protected":false},"featured_media":5026,"template":"","meta":{"_acf_changed":false,"inline_featured_image":false},"series":[],"product_brand":[2858],"product_cat":[337],"product_tag":[],"class_list":{"0":"post-24174","1":"product","2":"type-product","3":"status-publish","4":"has-post-thumbnail","6":"product_brand-sendeko","7":"product_cat-sendeko-vedrumadratsid","9":"first","10":"instock","11":"taxable","12":"shipping-taxable","13":"purchasable","14":"product-type-variable"},"acf":[],"_links":{"self":[{"href":"https:\/\/mobecor.ee\/en\/wp-json\/wp\/v2\/product\/24174","targetHints":{"allow":["GET"]}}],"collection":[{"href":"https:\/\/mobecor.ee\/en\/wp-json\/wp\/v2\/product"}],"about":[{"href":"https:\/\/mobecor.ee\/en\/wp-json\/wp\/v2\/types\/product"}],"wp:featuredmedia":[{"embeddable":true,"href":"https:\/\/mobecor.ee\/en\/wp-json\/wp\/v2\/media\/5026"}],"wp:attachment":[{"href":"https:\/\/mobecor.ee\/en\/wp-json\/wp\/v2\/media?parent=24174"}],"wp:term":[{"taxonomy":"series","embeddable":true,"href":"https:\/\/mobecor.ee\/en\/wp-json\/wp\/v2\/series?post=24174"},{"taxonomy":"product_brand","embeddable":true,"href":"https:\/\/mobecor.ee\/en\/wp-json\/wp\/v2\/product_brand?post=24174"},{"taxonomy":"product_cat","embeddable":true,"href":"https:\/\/mobecor.ee\/en\/wp-json\/wp\/v2\/product_cat?post=24174"},{"taxonomy":"product_tag","embeddable":true,"href":"https:\/\/mobecor.ee\/en\/wp-json\/wp\/v2\/product_tag?post=24174"}],"curies":[{"name":"wp","href":"https:\/\/api.w.org\/{rel}","templated":true}]}}