{"id":24175,"date":"2025-05-06T07:07:53","date_gmt":"2025-05-06T07:07:53","guid":{"rendered":"https:\/\/mobecor.ee\/?post_type=product&#038;p=24175"},"modified":"2026-03-12T12:10:52","modified_gmt":"2026-03-12T10:10:52","slug":"vedrumadrats-samba-pocket-memory","status":"publish","type":"product","link":"https:\/\/mobecor.ee\/en\/toode\/vedrumadrats-samba-pocket-memory\/","title":{"rendered":"Vedrumadrats Samba Pocket Memory"},"content":{"rendered":"<p>Kahepoolne erineva tugevusastmega madrats p\u00f5hineb eriti k\u00f5rgel s\u00f5ltumatul Pocket vedruplokil (vedrud on pakitud eraldi riidest kottidesse).<br \/>\nSee vedruploki disain jaotab \u00fchtlaselt kehakaalu, andes madratsile tugevad ortopeedilised omadused.<br \/>\nVedruplokk on tugevdatud metallraami ja vildikihiga.<br \/>\nMadratsi \u00fcks pool on\u00a0tunduvalt pehmem t\u00e4nu m\u00e4luvahukihile (Memory foam), mis kohandub ideaalselt kehakujuga.<br \/>\nTeine pool on kaetud\u00a0k\u00f5rge elastsusega pol\u00fcuretaanvahuga (HR foam).<br \/>\nSee on suhteliselt tugev s\u00fcnteetiline materjal, kuid selle valmistamise tehnoloogia annab sellele pika &#8220;eluea&#8221;, s\u00e4ilitades selle omadused ja funktsionaalsuse.<br \/>\nIdeaalne ost neile, kes armastavad ja hindavad mugavust ning soovivad samal ajal hoida oma keha toonuses.<br \/>\nSisu:<br \/>\n* Memory foam (m\u00e4luporoloon).<br \/>\n*\u00a0Vilt.<br \/>\n* Pocket vedrud + metallraam.<br \/>\n*\u00a0Vilt.<br \/>\n* HR vaht.<br \/>\nKate on valmistatud sinteponiga tepitud kangast.<br \/>\nToodetud: L\u00e4tis.<\/p>\n","protected":false},"excerpt":{"rendered":"<p>K\u00f5rgus: 22 cm.<br \/>\nS\u00fcgavus: 200 cm.<br \/>\nLaiused: 80; 90; 120; 140; 160; 180 cm.<br \/>\nTarneaeg: kuni 4 n\u00e4dalat.<\/p>\n","protected":false},"featured_media":5028,"template":"","meta":{"_acf_changed":false,"inline_featured_image":false},"series":[],"product_brand":[2858],"product_cat":[337],"product_tag":[],"class_list":{"0":"post-24175","1":"product","2":"type-product","3":"status-publish","4":"has-post-thumbnail","6":"product_brand-sendeko","7":"product_cat-sendeko-vedrumadratsid","9":"first","10":"instock","11":"taxable","12":"shipping-taxable","13":"purchasable","14":"product-type-variable"},"acf":[],"_links":{"self":[{"href":"https:\/\/mobecor.ee\/en\/wp-json\/wp\/v2\/product\/24175","targetHints":{"allow":["GET"]}}],"collection":[{"href":"https:\/\/mobecor.ee\/en\/wp-json\/wp\/v2\/product"}],"about":[{"href":"https:\/\/mobecor.ee\/en\/wp-json\/wp\/v2\/types\/product"}],"wp:featuredmedia":[{"embeddable":true,"href":"https:\/\/mobecor.ee\/en\/wp-json\/wp\/v2\/media\/5028"}],"wp:attachment":[{"href":"https:\/\/mobecor.ee\/en\/wp-json\/wp\/v2\/media?parent=24175"}],"wp:term":[{"taxonomy":"series","embeddable":true,"href":"https:\/\/mobecor.ee\/en\/wp-json\/wp\/v2\/series?post=24175"},{"taxonomy":"product_brand","embeddable":true,"href":"https:\/\/mobecor.ee\/en\/wp-json\/wp\/v2\/product_brand?post=24175"},{"taxonomy":"product_cat","embeddable":true,"href":"https:\/\/mobecor.ee\/en\/wp-json\/wp\/v2\/product_cat?post=24175"},{"taxonomy":"product_tag","embeddable":true,"href":"https:\/\/mobecor.ee\/en\/wp-json\/wp\/v2\/product_tag?post=24175"}],"curies":[{"name":"wp","href":"https:\/\/api.w.org\/{rel}","templated":true}]}}