{"id":24176,"date":"2025-05-06T07:07:57","date_gmt":"2025-05-06T07:07:57","guid":{"rendered":"https:\/\/mobecor.ee\/?post_type=product&#038;p=24176"},"modified":"2026-03-12T12:10:42","modified_gmt":"2026-03-12T10:10:42","slug":"vedrumadrats-samba-pocket-coco","status":"publish","type":"product","link":"https:\/\/mobecor.ee\/en\/toode\/vedrumadrats-samba-pocket-coco\/","title":{"rendered":"Vedrumadrats Samba Pocket Coco"},"content":{"rendered":"<p>Tugev kahepoolne madrats, mis p\u00f5hineb eriti k\u00f5rgel s\u00f5ltumatul Pocket vedruplokil (vedrud on pakitud eraldi riidest kottidesse).<br \/>\nSelline vedruploki disain tagab keha \u00fchtlase kaalujaotuse, andes madratsile tugevad ortopeedilised omadused.<br \/>\nVedruplokki tugevdavad metallraam ja vildikiht.<br \/>\nSelle mudeli m\u00f5lemal k\u00fcljel on naturaalne kookoskiud, mis muudab madratsi tugevaks ja suurep\u00e4raselt ventileeritavaks, hoiab \u00e4ra niiskuse kogunemise ja ka tolmulestade paljunemise madratsil.<br \/>\nSobib inimestele, kes hindavad tervislikku und, kuid eelistavad magada\u00a0j\u00e4igemal pinnal.<br \/>\nSisu:<br \/>\n* Kookoskiud.<br \/>\n* Vilt.<br \/>\n* Pocket vedrud + metallraam.<br \/>\n* Vilt.<br \/>\n*\u00a0Kookoskiud.<br \/>\nKate on valmistatud sinteponiga tepitud kangast.<br \/>\nToodetud: L\u00e4tis.<\/p>\n","protected":false},"excerpt":{"rendered":"<p>K\u00f5rgus: 22 cm.<br \/>\nS\u00fcgavus: 200 cm.<br \/>\nLaiused: 80; 90; 120; 140; 160; 180 cm.<br \/>\nTarneaeg: kuni 4 n\u00e4dalat.<\/p>\n","protected":false},"featured_media":5030,"template":"","meta":{"_acf_changed":false,"inline_featured_image":false},"series":[],"product_brand":[2858],"product_cat":[337],"product_tag":[],"class_list":{"0":"post-24176","1":"product","2":"type-product","3":"status-publish","4":"has-post-thumbnail","6":"product_brand-sendeko","7":"product_cat-sendeko-vedrumadratsid","9":"first","10":"instock","11":"taxable","12":"shipping-taxable","13":"purchasable","14":"product-type-variable"},"acf":[],"_links":{"self":[{"href":"https:\/\/mobecor.ee\/en\/wp-json\/wp\/v2\/product\/24176","targetHints":{"allow":["GET"]}}],"collection":[{"href":"https:\/\/mobecor.ee\/en\/wp-json\/wp\/v2\/product"}],"about":[{"href":"https:\/\/mobecor.ee\/en\/wp-json\/wp\/v2\/types\/product"}],"wp:featuredmedia":[{"embeddable":true,"href":"https:\/\/mobecor.ee\/en\/wp-json\/wp\/v2\/media\/5030"}],"wp:attachment":[{"href":"https:\/\/mobecor.ee\/en\/wp-json\/wp\/v2\/media?parent=24176"}],"wp:term":[{"taxonomy":"series","embeddable":true,"href":"https:\/\/mobecor.ee\/en\/wp-json\/wp\/v2\/series?post=24176"},{"taxonomy":"product_brand","embeddable":true,"href":"https:\/\/mobecor.ee\/en\/wp-json\/wp\/v2\/product_brand?post=24176"},{"taxonomy":"product_cat","embeddable":true,"href":"https:\/\/mobecor.ee\/en\/wp-json\/wp\/v2\/product_cat?post=24176"},{"taxonomy":"product_tag","embeddable":true,"href":"https:\/\/mobecor.ee\/en\/wp-json\/wp\/v2\/product_tag?post=24176"}],"curies":[{"name":"wp","href":"https:\/\/api.w.org\/{rel}","templated":true}]}}