{"id":24225,"date":"2025-05-06T07:13:02","date_gmt":"2025-05-06T07:13:02","guid":{"rendered":"https:\/\/mobecor.ee\/?post_type=product&#038;p=24225"},"modified":"2026-03-10T13:53:38","modified_gmt":"2026-03-10T11:53:38","slug":"daggkapa-kattemadratsikaitse-90-200","status":"publish","type":"product","link":"https:\/\/mobecor.ee\/en\/toode\/daggkapa-kattemadratsikaitse-90-200\/","title":{"rendered":"Daggkapa kattemadratsikaitse 90*200"},"content":{"rendered":"<p>Kasutatakse niiskuskindla kihina kattemadratsitel, tagamaks h\u00fcgieenilisust.<br \/>\nKattemadratsitele m\u00f5eldud Daggkapa on kaetud naturaalse\u00a0Lyocell pealiskihiga, mille valmistamiseks on kasutatud kiirekasvulist\u00a0eukal\u00fcptipuitu.<br \/>\nPealiskiht mahutab vedelikku kuni oma kahekordse kaalu ulatuses.<br \/>\nKummiga lina on kerge peale panna ning see p\u00fcsib kindlalt paigal.<br \/>\nTalub kuni 100 pesukorda s\u00e4ilitades oma omadused.<br \/>\nOmab keskkonnam\u00e4rgist \u00d6ko-Tex 100.<\/p>\n","protected":false},"excerpt":{"rendered":"<p>H\u00fcgieeniline, \u00f5hku l\u00e4bilaskev ja vetth\u00fclgav kaitse kattemadratsile.<br \/>\nM\u00f5\u00f5dud: 90 x 200 cm.<br \/>\nTarneaeg: 2 kuni 4 n\u00e4dalat.<\/p>\n","protected":false},"featured_media":3810,"template":"","meta":{"_acf_changed":false,"inline_featured_image":false},"series":[],"product_brand":[2859],"product_cat":[398],"product_tag":[],"class_list":{"0":"post-24225","1":"product","2":"type-product","3":"status-publish","4":"has-post-thumbnail","6":"product_brand-sleepwell","7":"product_cat-sleepwell-madratsi-ja-padjakaitsed","9":"first","10":"instock","11":"taxable","12":"shipping-taxable","13":"purchasable","14":"product-type-simple"},"acf":[],"_links":{"self":[{"href":"https:\/\/mobecor.ee\/en\/wp-json\/wp\/v2\/product\/24225","targetHints":{"allow":["GET"]}}],"collection":[{"href":"https:\/\/mobecor.ee\/en\/wp-json\/wp\/v2\/product"}],"about":[{"href":"https:\/\/mobecor.ee\/en\/wp-json\/wp\/v2\/types\/product"}],"wp:featuredmedia":[{"embeddable":true,"href":"https:\/\/mobecor.ee\/en\/wp-json\/wp\/v2\/media\/3810"}],"wp:attachment":[{"href":"https:\/\/mobecor.ee\/en\/wp-json\/wp\/v2\/media?parent=24225"}],"wp:term":[{"taxonomy":"series","embeddable":true,"href":"https:\/\/mobecor.ee\/en\/wp-json\/wp\/v2\/series?post=24225"},{"taxonomy":"product_brand","embeddable":true,"href":"https:\/\/mobecor.ee\/en\/wp-json\/wp\/v2\/product_brand?post=24225"},{"taxonomy":"product_cat","embeddable":true,"href":"https:\/\/mobecor.ee\/en\/wp-json\/wp\/v2\/product_cat?post=24225"},{"taxonomy":"product_tag","embeddable":true,"href":"https:\/\/mobecor.ee\/en\/wp-json\/wp\/v2\/product_tag?post=24225"}],"curies":[{"name":"wp","href":"https:\/\/api.w.org\/{rel}","templated":true}]}}