{"id":24236,"date":"2025-05-06T07:13:54","date_gmt":"2025-05-06T07:13:54","guid":{"rendered":"https:\/\/mobecor.ee\/?post_type=product&#038;p=24236"},"modified":"2026-03-10T13:51:25","modified_gmt":"2026-03-10T11:51:25","slug":"daggkapa-padjakaitse-50-60","status":"publish","type":"product","link":"https:\/\/mobecor.ee\/en\/toode\/daggkapa-padjakaitse-50-60\/","title":{"rendered":"Daggkapa padjakaitse 50*60"},"content":{"rendered":"<p>Patjadele m\u00f5eldud Daggkapa on kaetud naturaalse Lyocell pealiskihiga, mille valmistamiseks on kasutatud kiirekasvulist\u00a0eukal\u00fcptipuitu.<br \/>\nTalub kuni 100 pesukorda s\u00e4ilitades oma omadused.<br \/>\nOmab keskkonnam\u00e4rgist \u00d6ko-Tex 100.<\/p>\n","protected":false},"excerpt":{"rendered":"<p>H\u00fcgieeniline, \u00f5hku l\u00e4bilaskev ja vetth\u00fclgav padjap\u00fc\u00fcr.<br \/>\nM\u00f5\u00f5dud: 50 x 60 cm.<br \/>\nTarneaeg: 2 kuni 4 n\u00e4dalat.<\/p>\n","protected":false},"featured_media":68210,"template":"","meta":{"_acf_changed":false,"inline_featured_image":false},"series":[],"product_brand":[2859],"product_cat":[398],"product_tag":[],"class_list":{"0":"post-24236","1":"product","2":"type-product","3":"status-publish","4":"has-post-thumbnail","6":"product_brand-sleepwell","7":"product_cat-sleepwell-madratsi-ja-padjakaitsed","9":"first","10":"instock","11":"taxable","12":"shipping-taxable","13":"purchasable","14":"product-type-simple"},"acf":[],"_links":{"self":[{"href":"https:\/\/mobecor.ee\/en\/wp-json\/wp\/v2\/product\/24236","targetHints":{"allow":["GET"]}}],"collection":[{"href":"https:\/\/mobecor.ee\/en\/wp-json\/wp\/v2\/product"}],"about":[{"href":"https:\/\/mobecor.ee\/en\/wp-json\/wp\/v2\/types\/product"}],"wp:featuredmedia":[{"embeddable":true,"href":"https:\/\/mobecor.ee\/en\/wp-json\/wp\/v2\/media\/68210"}],"wp:attachment":[{"href":"https:\/\/mobecor.ee\/en\/wp-json\/wp\/v2\/media?parent=24236"}],"wp:term":[{"taxonomy":"series","embeddable":true,"href":"https:\/\/mobecor.ee\/en\/wp-json\/wp\/v2\/series?post=24236"},{"taxonomy":"product_brand","embeddable":true,"href":"https:\/\/mobecor.ee\/en\/wp-json\/wp\/v2\/product_brand?post=24236"},{"taxonomy":"product_cat","embeddable":true,"href":"https:\/\/mobecor.ee\/en\/wp-json\/wp\/v2\/product_cat?post=24236"},{"taxonomy":"product_tag","embeddable":true,"href":"https:\/\/mobecor.ee\/en\/wp-json\/wp\/v2\/product_tag?post=24236"}],"curies":[{"name":"wp","href":"https:\/\/api.w.org\/{rel}","templated":true}]}}