{"id":24238,"date":"2025-05-06T07:14:04","date_gmt":"2025-05-06T07:14:04","guid":{"rendered":"https:\/\/mobecor.ee\/?post_type=product&#038;p=24238"},"modified":"2025-08-12T09:43:01","modified_gmt":"2025-08-12T06:43:01","slug":"beebimadrats-dobranocka-lotus-70-140","status":"publish","type":"product","link":"https:\/\/mobecor.ee\/en\/toode\/beebimadrats-dobranocka-lotus-70-140\/","title":{"rendered":"Beebimadrats Dobranocka Lotus 70*140"},"content":{"rendered":"<div><span style=\"font-size: 10pt;\">Madrats on valmistatud painduvast ja \u00f5hulisest\u00a0<strong>Flexifoam<\/strong>\u00a0poroloonist . Selle \u00f5huline poroloon ning profileeritud kanalidh\u00f5lbustavad kogu sisu\u00a0<strong>head ventilatsiooni<\/strong>, t\u00e4nu millele madrats &#8220;hingab&#8221; ja s\u00e4ilitab k\u00f5ige olulisemad funktsionaalsed omadused kogu kasutusaja v\u00e4ltel.<br \/>\n<\/span><span style=\"font-size: 10pt;\">Dobranocka struktuur tagab teie lapsele tervisliku ja\u00a0<strong>mugava une enne aktiivset p\u00e4eva<\/strong>, mis on t\u00e4is erinevaid v\u00e4ljakutseid.<br \/>\n<\/span><span style=\"font-size: 10pt;\">Madratsi kattel on optiliste valgenditeta niiskuskindel ja\u00a0<strong>allergiavastane Lotus t\u00f6\u00f6tlus,<\/strong>\u00a0mis ei v\u00f5ta sisse plekke ning on lihtsasti puhastatav.<br \/>\n<\/span><span style=\"font-size: 10pt;\"><strong>Madratsi kate on eemaldatav ja\u00a0pestav kuni 40-kraadisel temperatuuril.<\/strong><\/span><\/div>\n<p>&nbsp;<\/p>\n","protected":false},"excerpt":{"rendered":"<p><span style=\"font-size: 10pt;\">Dobranocka on populaarne niikuskindel madrats imikutele\u00a0<strong>alates esimestest elup\u00e4evast.<\/strong><br \/>\nK\u00f5rgus 11 cm.<br \/>\n<\/span><span style=\"font-size: 10pt;\">M\u00f5\u00f5dud: 70 x 140 cm.<br \/>\nTarneaeg: kuni 4 n\u00e4dalat.<\/span><\/p>\n","protected":false},"featured_media":4958,"template":"","meta":{"_acf_changed":false,"inline_featured_image":false},"series":[],"product_brand":[2856],"product_cat":[2958],"product_tag":[],"class_list":{"0":"post-24238","1":"product","2":"type-product","3":"status-publish","4":"has-post-thumbnail","6":"product_brand-hilding","7":"product_cat-70-140","9":"first","10":"instock","11":"taxable","12":"shipping-taxable","13":"purchasable","14":"product-type-simple"},"acf":[],"_links":{"self":[{"href":"https:\/\/mobecor.ee\/en\/wp-json\/wp\/v2\/product\/24238","targetHints":{"allow":["GET"]}}],"collection":[{"href":"https:\/\/mobecor.ee\/en\/wp-json\/wp\/v2\/product"}],"about":[{"href":"https:\/\/mobecor.ee\/en\/wp-json\/wp\/v2\/types\/product"}],"wp:featuredmedia":[{"embeddable":true,"href":"https:\/\/mobecor.ee\/en\/wp-json\/wp\/v2\/media\/4958"}],"wp:attachment":[{"href":"https:\/\/mobecor.ee\/en\/wp-json\/wp\/v2\/media?parent=24238"}],"wp:term":[{"taxonomy":"series","embeddable":true,"href":"https:\/\/mobecor.ee\/en\/wp-json\/wp\/v2\/series?post=24238"},{"taxonomy":"product_brand","embeddable":true,"href":"https:\/\/mobecor.ee\/en\/wp-json\/wp\/v2\/product_brand?post=24238"},{"taxonomy":"product_cat","embeddable":true,"href":"https:\/\/mobecor.ee\/en\/wp-json\/wp\/v2\/product_cat?post=24238"},{"taxonomy":"product_tag","embeddable":true,"href":"https:\/\/mobecor.ee\/en\/wp-json\/wp\/v2\/product_tag?post=24238"}],"curies":[{"name":"wp","href":"https:\/\/api.w.org\/{rel}","templated":true}]}}