{"id":24240,"date":"2025-05-06T07:14:14","date_gmt":"2025-05-06T07:14:14","guid":{"rendered":"https:\/\/mobecor.ee\/?post_type=product&#038;p=24240"},"modified":"2026-01-19T13:42:37","modified_gmt":"2026-01-19T11:42:37","slug":"diivanvoodi-afrodyta-2","status":"publish","type":"product","link":"https:\/\/mobecor.ee\/en\/toode\/diivanvoodi-afrodyta-2\/","title":{"rendered":"Diivanvoodi Afrodyta 2 (200 cm)"},"content":{"rendered":"<p>Diivanvoodi\u00a0Afrodyta on bonell vedrustusega, pehmenduseks on kasutatud porolooni.<br \/>\nKarkass on valmistatud puidust ja m\u00f6\u00f6bliplaadist.<br \/>\nMagamisase avaneb lihtsalt ja\u00a0sobib igap\u00e4evaseks kasutuseks.<br \/>\nDiivanvoodi all on mahukas pesukast.<br \/>\nV\u00e4rvivalik: G2 (helehall); G3 (grafiithall); G5 (latte).<br \/>\nToodetud : Poolas.<span style=\"font-size: 10pt; line-height: 1.3em;\"><br \/>\n<\/span><\/p>\n","protected":false},"excerpt":{"rendered":"<p>Laius: 200 cm.<br \/>\nS\u00fcgavus:\u00a0100 cm.<br \/>\nK\u00f5rgus: 79 cm.<br \/>\nMagamiskoha m\u00f5\u00f5t: 155 x 200\u00a0cm.<br \/>\nTarneaeg: 4-8 n\u00e4dalat.<br \/>\nNB! Diivani v\u00e4rvi tumedusaste v\u00f5ib veidi erineda pildil ja tegelikkuses. K\u00f5iki kangaid saab n\u00e4ha Mobecori m\u00f6\u00f6blipoodides kohapeal.<\/p>\n","protected":false},"featured_media":79800,"template":"","meta":{"_acf_changed":false,"inline_featured_image":false},"series":[],"product_brand":[2947],"product_cat":[195],"product_tag":[],"class_list":{"0":"post-24240","1":"product","2":"type-product","3":"status-publish","4":"has-post-thumbnail","6":"product_brand-bodzio","7":"product_cat-diivanvoodid","9":"first","10":"instock","11":"sale","12":"taxable","13":"shipping-taxable","14":"purchasable","15":"product-type-simple"},"acf":[],"_links":{"self":[{"href":"https:\/\/mobecor.ee\/en\/wp-json\/wp\/v2\/product\/24240","targetHints":{"allow":["GET"]}}],"collection":[{"href":"https:\/\/mobecor.ee\/en\/wp-json\/wp\/v2\/product"}],"about":[{"href":"https:\/\/mobecor.ee\/en\/wp-json\/wp\/v2\/types\/product"}],"wp:featuredmedia":[{"embeddable":true,"href":"https:\/\/mobecor.ee\/en\/wp-json\/wp\/v2\/media\/79800"}],"wp:attachment":[{"href":"https:\/\/mobecor.ee\/en\/wp-json\/wp\/v2\/media?parent=24240"}],"wp:term":[{"taxonomy":"series","embeddable":true,"href":"https:\/\/mobecor.ee\/en\/wp-json\/wp\/v2\/series?post=24240"},{"taxonomy":"product_brand","embeddable":true,"href":"https:\/\/mobecor.ee\/en\/wp-json\/wp\/v2\/product_brand?post=24240"},{"taxonomy":"product_cat","embeddable":true,"href":"https:\/\/mobecor.ee\/en\/wp-json\/wp\/v2\/product_cat?post=24240"},{"taxonomy":"product_tag","embeddable":true,"href":"https:\/\/mobecor.ee\/en\/wp-json\/wp\/v2\/product_tag?post=24240"}],"curies":[{"name":"wp","href":"https:\/\/api.w.org\/{rel}","templated":true}]}}