{"id":24271,"date":"2025-05-06T07:16:55","date_gmt":"2025-05-06T07:16:55","guid":{"rendered":"https:\/\/mobecor.ee\/?post_type=product&#038;p=24271"},"modified":"2026-01-20T13:06:01","modified_gmt":"2026-01-20T11:06:01","slug":"voodi-veronica-90","status":"publish","type":"product","link":"https:\/\/mobecor.ee\/en\/toode\/voodi-veronica-90\/","title":{"rendered":"Voodi Veronica (90*200)"},"content":{"rendered":"<p>Voodile sobib madrats m\u00f5\u00f5tudes 90 x 200 cm. Madrats ja \u00f6\u00f6kapp ei kuulu komplekti.<br \/>\nMaterjal: puit + metall.<br \/>\nV\u00e4rv:\u00a0antiikne kirss\/must<br \/>\nToodetud: Poolas.<br \/>\nToode tarnitakse detailidena.<\/p>\n<p>&nbsp;<\/p>\n","protected":false},"excerpt":{"rendered":"<p>Laius: 93 cm.<br \/>\nS\u00fcgavus: 204 cm.<br \/>\nK\u00f5rgus:\u00a091 cm.<br \/>\nTarneaeg: 4-8 n\u00e4dalat.<\/p>\n","protected":false},"featured_media":4848,"template":"","meta":{"_acf_changed":false,"inline_featured_image":false},"series":[],"product_brand":[2942],"product_cat":[4013,47],"product_tag":[],"class_list":{"0":"post-24271","1":"product","2":"type-product","3":"status-publish","4":"has-post-thumbnail","6":"product_brand-halmar","7":"product_cat-voodid-90-x-200","8":"product_cat-lastevoodid","10":"first","11":"instock","12":"taxable","13":"shipping-taxable","14":"purchasable","15":"product-type-simple"},"acf":[],"_links":{"self":[{"href":"https:\/\/mobecor.ee\/en\/wp-json\/wp\/v2\/product\/24271","targetHints":{"allow":["GET"]}}],"collection":[{"href":"https:\/\/mobecor.ee\/en\/wp-json\/wp\/v2\/product"}],"about":[{"href":"https:\/\/mobecor.ee\/en\/wp-json\/wp\/v2\/types\/product"}],"wp:featuredmedia":[{"embeddable":true,"href":"https:\/\/mobecor.ee\/en\/wp-json\/wp\/v2\/media\/4848"}],"wp:attachment":[{"href":"https:\/\/mobecor.ee\/en\/wp-json\/wp\/v2\/media?parent=24271"}],"wp:term":[{"taxonomy":"series","embeddable":true,"href":"https:\/\/mobecor.ee\/en\/wp-json\/wp\/v2\/series?post=24271"},{"taxonomy":"product_brand","embeddable":true,"href":"https:\/\/mobecor.ee\/en\/wp-json\/wp\/v2\/product_brand?post=24271"},{"taxonomy":"product_cat","embeddable":true,"href":"https:\/\/mobecor.ee\/en\/wp-json\/wp\/v2\/product_cat?post=24271"},{"taxonomy":"product_tag","embeddable":true,"href":"https:\/\/mobecor.ee\/en\/wp-json\/wp\/v2\/product_tag?post=24271"}],"curies":[{"name":"wp","href":"https:\/\/api.w.org\/{rel}","templated":true}]}}