{"id":24339,"date":"2025-05-06T07:22:25","date_gmt":"2025-05-06T07:22:25","guid":{"rendered":"https:\/\/mobecor.ee\/?post_type=product&#038;p=24339"},"modified":"2026-04-13T15:27:51","modified_gmt":"2026-04-13T12:27:51","slug":"kuljesokkel-kammono","status":"publish","type":"product","link":"https:\/\/mobecor.ee\/en\/toode\/kuljesokkel-kammono\/","title":{"rendered":"K\u00fcljesokkel Kammono"},"content":{"rendered":"","protected":false},"excerpt":{"rendered":"<p>V\u00e4rvivalik: valge; hall; kaszmir B (bee\u017e); cappuccino; must.<br \/>\nK\u00fcljesokkel on m\u00f5eldud kapirea algusesse v\u00f5i l\u00f5ppu.<br \/>\nLaius: 48 cm.<br \/>\nK\u00f5rgus: 10 cm v\u00f5i 15 cm.<br \/>\nTarneaeg: 4-8 n\u00e4dalat.<\/p>\n","protected":false},"featured_media":4780,"template":"","meta":{"_acf_changed":false,"inline_featured_image":false},"series":[],"product_brand":[2952],"product_cat":[410,432,487],"product_tag":[],"class_list":{"0":"post-24339","1":"product","2":"type-product","3":"status-publish","4":"has-post-thumbnail","6":"product_brand-meblekam","7":"product_cat-kammono-f-porandakapid","8":"product_cat-kammono-f-porandakapid-sygavad","9":"product_cat-kammono-f","11":"first","12":"instock","13":"taxable","14":"shipping-taxable","15":"purchasable","16":"product-type-variable"},"acf":[],"_links":{"self":[{"href":"https:\/\/mobecor.ee\/en\/wp-json\/wp\/v2\/product\/24339","targetHints":{"allow":["GET"]}}],"collection":[{"href":"https:\/\/mobecor.ee\/en\/wp-json\/wp\/v2\/product"}],"about":[{"href":"https:\/\/mobecor.ee\/en\/wp-json\/wp\/v2\/types\/product"}],"wp:featuredmedia":[{"embeddable":true,"href":"https:\/\/mobecor.ee\/en\/wp-json\/wp\/v2\/media\/4780"}],"wp:attachment":[{"href":"https:\/\/mobecor.ee\/en\/wp-json\/wp\/v2\/media?parent=24339"}],"wp:term":[{"taxonomy":"series","embeddable":true,"href":"https:\/\/mobecor.ee\/en\/wp-json\/wp\/v2\/series?post=24339"},{"taxonomy":"product_brand","embeddable":true,"href":"https:\/\/mobecor.ee\/en\/wp-json\/wp\/v2\/product_brand?post=24339"},{"taxonomy":"product_cat","embeddable":true,"href":"https:\/\/mobecor.ee\/en\/wp-json\/wp\/v2\/product_cat?post=24339"},{"taxonomy":"product_tag","embeddable":true,"href":"https:\/\/mobecor.ee\/en\/wp-json\/wp\/v2\/product_tag?post=24339"}],"curies":[{"name":"wp","href":"https:\/\/api.w.org\/{rel}","templated":true}]}}