{"id":24377,"date":"2025-05-06T07:26:34","date_gmt":"2025-05-06T07:26:34","guid":{"rendered":"https:\/\/mobecor.ee\/?post_type=product&#038;p=24377"},"modified":"2026-04-02T10:37:25","modified_gmt":"2026-04-02T07:37:25","slug":"komplekt-tablo-ta12-a-b","status":"publish","type":"product","link":"https:\/\/mobecor.ee\/en\/toode\/komplekt-tablo-ta12-a-b\/","title":{"rendered":"Komplekt Tablo TA12 A+B"},"content":{"rendered":"<p>Komplekti kuulub: voodi; 2 pesukasti ja riiul.<br \/>\nVoodile sobib madrats m\u00f5\u00f5tudes 90 x 200 cm. Madrats ei kuulu komplekti.<br \/>\nMaterjal: kvaliteetne ja vastupidav melamiinkattega laminaat.<br \/>\nV\u00e4rv: grafiit\/valge lux\/Atlantic.<br \/>\nToodetud: Poolas.<br \/>\nToode tarnitakse detailidena.<br \/>\nNB! Voodit ja riiulit on v\u00f5imalik osta ka eraldi. Voodi m\u00f5\u00f5dud: L 204\/K 75\/S 94 cm. Riiuli m\u00f5\u00f5dud: L 25\/K 75\/S 94 cm. T\u00e4iendav info: info@mobecor.ee<\/p>\n<p><span style=\"line-height: 1.3em; font-size: 10pt;\">\u00a0<\/span><\/p>\n<p><span style=\"line-height: 1.3em;\"><span style=\"line-height: 1.3em;\"><br \/>\n<\/span>\u00a0<\/span><\/p>\n","protected":false},"excerpt":{"rendered":"<p>Laius: 229 cm.<br \/>\nK\u00f5rgus: 75 cm.<br \/>\nS\u00fcgavus: 94 cm.<br \/>\nTarneaeg: 4-8 n\u00e4dalat.<\/p>\n","protected":false},"featured_media":4660,"template":"","meta":{"_acf_changed":false,"inline_featured_image":false},"series":[],"product_brand":[2940],"product_cat":[47,306],"product_tag":[],"class_list":{"0":"post-24377","1":"product","2":"type-product","3":"status-publish","4":"has-post-thumbnail","6":"product_brand-meblar","7":"product_cat-lastevoodid","8":"product_cat-lastetuba-tablo","10":"first","11":"instock","12":"taxable","13":"shipping-taxable","14":"purchasable","15":"product-type-simple"},"acf":[],"_links":{"self":[{"href":"https:\/\/mobecor.ee\/en\/wp-json\/wp\/v2\/product\/24377","targetHints":{"allow":["GET"]}}],"collection":[{"href":"https:\/\/mobecor.ee\/en\/wp-json\/wp\/v2\/product"}],"about":[{"href":"https:\/\/mobecor.ee\/en\/wp-json\/wp\/v2\/types\/product"}],"wp:featuredmedia":[{"embeddable":true,"href":"https:\/\/mobecor.ee\/en\/wp-json\/wp\/v2\/media\/4660"}],"wp:attachment":[{"href":"https:\/\/mobecor.ee\/en\/wp-json\/wp\/v2\/media?parent=24377"}],"wp:term":[{"taxonomy":"series","embeddable":true,"href":"https:\/\/mobecor.ee\/en\/wp-json\/wp\/v2\/series?post=24377"},{"taxonomy":"product_brand","embeddable":true,"href":"https:\/\/mobecor.ee\/en\/wp-json\/wp\/v2\/product_brand?post=24377"},{"taxonomy":"product_cat","embeddable":true,"href":"https:\/\/mobecor.ee\/en\/wp-json\/wp\/v2\/product_cat?post=24377"},{"taxonomy":"product_tag","embeddable":true,"href":"https:\/\/mobecor.ee\/en\/wp-json\/wp\/v2\/product_tag?post=24377"}],"curies":[{"name":"wp","href":"https:\/\/api.w.org\/{rel}","templated":true}]}}