{"id":24378,"date":"2025-05-06T07:26:38","date_gmt":"2025-05-06T07:26:38","guid":{"rendered":"https:\/\/mobecor.ee\/?post_type=product&#038;p=24378"},"modified":"2025-12-16T14:23:40","modified_gmt":"2025-12-16T12:23:40","slug":"soogilaud-avola","status":"publish","type":"product","link":"https:\/\/mobecor.ee\/en\/toode\/soogilaud-avola\/","title":{"rendered":"S\u00f6\u00f6gilaud Avola (75*45\/67,5\/90)"},"content":{"rendered":"<p><span style=\"font-size: 10pt;\">S\u00f6\u00f6gilaud Avola on t\u00e4ispuidust.<\/span><br \/>\n<span style=\"font-size: 10pt;\">V\u00e4rvivalik: tamm; valge<\/span><br \/>\n<span style=\"font-size: 10pt;\">Laual on kaks alla keeratavat klappi, laiusega 22,5 cm.<\/span><br \/>\n<span style=\"font-size: 10pt;\">Laius: 45-67,5-90 cm.<\/span><br \/>\n<span style=\"font-size: 10pt;\">S\u00fcgavus: 75 cm.<\/span><br \/>\n<span style=\"font-size: 10pt;\">K\u00f5rgus: 74 cm.<\/span><br \/>\n<span style=\"font-size: 10pt;\">2 lisaplaati all: L 45 * S 74 * K 74 cm.<\/span><br \/>\n<span style=\"font-size: 10pt;\">1 lisaplaat all: L 67,5 * S 74 * K 74 cm.<\/span><br \/>\n<span style=\"font-size: 10pt;\">Tarneaeg: kuni 4 n\u00e4dalat.<\/span><\/p>\n","protected":false},"excerpt":{"rendered":"<p>S\u00f6\u00f6gilaud Avola on t\u00e4ispuidust. V\u00e4rvivalik: tamm; valge Laual on kaks alla keeratavat klappi, laiusega 22,5 cm. Laius: 45-67,5-90 cm. S\u00fcgavus:&#8230;<\/p>\n","protected":false},"featured_media":70548,"template":"","meta":{"_acf_changed":false,"inline_featured_image":false},"series":[],"product_brand":[2913],"product_cat":[219],"product_tag":[],"class_list":{"0":"post-24378","1":"product","2":"type-product","3":"status-publish","4":"has-post-thumbnail","6":"product_brand-grafio","7":"product_cat-soogilauad","9":"first","10":"instock","11":"sale","12":"taxable","13":"shipping-taxable","14":"purchasable","15":"product-type-simple"},"acf":[],"_links":{"self":[{"href":"https:\/\/mobecor.ee\/en\/wp-json\/wp\/v2\/product\/24378","targetHints":{"allow":["GET"]}}],"collection":[{"href":"https:\/\/mobecor.ee\/en\/wp-json\/wp\/v2\/product"}],"about":[{"href":"https:\/\/mobecor.ee\/en\/wp-json\/wp\/v2\/types\/product"}],"wp:featuredmedia":[{"embeddable":true,"href":"https:\/\/mobecor.ee\/en\/wp-json\/wp\/v2\/media\/70548"}],"wp:attachment":[{"href":"https:\/\/mobecor.ee\/en\/wp-json\/wp\/v2\/media?parent=24378"}],"wp:term":[{"taxonomy":"series","embeddable":true,"href":"https:\/\/mobecor.ee\/en\/wp-json\/wp\/v2\/series?post=24378"},{"taxonomy":"product_brand","embeddable":true,"href":"https:\/\/mobecor.ee\/en\/wp-json\/wp\/v2\/product_brand?post=24378"},{"taxonomy":"product_cat","embeddable":true,"href":"https:\/\/mobecor.ee\/en\/wp-json\/wp\/v2\/product_cat?post=24378"},{"taxonomy":"product_tag","embeddable":true,"href":"https:\/\/mobecor.ee\/en\/wp-json\/wp\/v2\/product_tag?post=24378"}],"curies":[{"name":"wp","href":"https:\/\/api.w.org\/{rel}","templated":true}]}}