{"id":24554,"date":"2025-05-06T07:41:10","date_gmt":"2025-05-06T07:41:10","guid":{"rendered":"https:\/\/mobecor.ee\/?post_type=product&#038;p=24554"},"modified":"2025-07-23T10:06:45","modified_gmt":"2025-07-23T10:06:45","slug":"lastemadrats-orthopedic-ecological","status":"publish","type":"product","link":"https:\/\/mobecor.ee\/en\/toode\/lastemadrats-orthopedic-ecological\/","title":{"rendered":"Lastemadrats Orthopedic Ecological"},"content":{"rendered":"<div class=\"itemIntroText\">\n<div class=\"itemIntroText\">\n<div class=\"itemIntroText\">\n<p>Madrats on kaetud kvaliteetse Damaskuse kangaga, mis on t\u00f6\u00f6deldud Aloe Veraga, on tolmulestavastase ning antibakteriaalse t\u00f6\u00f6tlusega.<br \/>\nKangas \u00fchelt poolt tepitud puuvillakiuga, teiselt poolt naturaalse lambavilla kiuga.<br \/>\nT\u00e4idismaterjalina on kasutatud \u00f5hku l\u00e4bilaskvaid, termot\u00f6\u00f6deldud puuvillavilte ja puuvillakihte.<br \/>\nBonell vedrustus, vedrutraadi l\u00e4bim\u00f5\u00f5t 2,0 mm, 120 vedru\/m2 kohta, vedrud \u00fchendatud lameda terastraadist raamiga.<br \/>\nToode on pakitud tugevasse pol\u00fcet\u00fcleenkotti.<br \/>\nToodetud: K\u00fcprosel.<br \/>\nMadratsi paksus on 15 cm.<br \/>\nStandardm\u00f5\u00f5dud:<br \/>\n* 60 x 120 cm;\u00a0 * 70 x 140 cm;\u00a0 * 70 x 155 cm.<br \/>\nLisavalikuna v\u00f5imalik tellida ka lastemadratsi pikendus: 70 x 50 cm.<\/p>\n<\/div>\n<\/div>\n<\/div>\n","protected":false},"excerpt":{"rendered":"<p>Keskmiselt j\u00e4ik vedrumadrats.<br \/>\nTarneaeg: kuni 4\u00a0n\u00e4dalat.<\/p>\n","protected":false},"featured_media":4218,"template":"","meta":{"_acf_changed":false,"inline_featured_image":false},"series":[],"product_brand":[2860],"product_cat":[108],"product_tag":[],"class_list":{"0":"post-24554","1":"product","2":"type-product","3":"status-publish","4":"has-post-thumbnail","6":"product_brand-stroma","7":"product_cat-vedrumadratsid-1","9":"first","10":"instock","11":"taxable","12":"shipping-taxable","13":"purchasable","14":"product-type-variable"},"acf":[],"_links":{"self":[{"href":"https:\/\/mobecor.ee\/en\/wp-json\/wp\/v2\/product\/24554","targetHints":{"allow":["GET"]}}],"collection":[{"href":"https:\/\/mobecor.ee\/en\/wp-json\/wp\/v2\/product"}],"about":[{"href":"https:\/\/mobecor.ee\/en\/wp-json\/wp\/v2\/types\/product"}],"wp:featuredmedia":[{"embeddable":true,"href":"https:\/\/mobecor.ee\/en\/wp-json\/wp\/v2\/media\/4218"}],"wp:attachment":[{"href":"https:\/\/mobecor.ee\/en\/wp-json\/wp\/v2\/media?parent=24554"}],"wp:term":[{"taxonomy":"series","embeddable":true,"href":"https:\/\/mobecor.ee\/en\/wp-json\/wp\/v2\/series?post=24554"},{"taxonomy":"product_brand","embeddable":true,"href":"https:\/\/mobecor.ee\/en\/wp-json\/wp\/v2\/product_brand?post=24554"},{"taxonomy":"product_cat","embeddable":true,"href":"https:\/\/mobecor.ee\/en\/wp-json\/wp\/v2\/product_cat?post=24554"},{"taxonomy":"product_tag","embeddable":true,"href":"https:\/\/mobecor.ee\/en\/wp-json\/wp\/v2\/product_tag?post=24554"}],"curies":[{"name":"wp","href":"https:\/\/api.w.org\/{rel}","templated":true}]}}