{"id":24555,"date":"2025-05-06T07:41:15","date_gmt":"2025-05-06T07:41:15","guid":{"rendered":"https:\/\/mobecor.ee\/?post_type=product&#038;p=24555"},"modified":"2025-07-23T11:11:19","modified_gmt":"2025-07-23T11:11:19","slug":"lastemadrats-coco-ecological","status":"publish","type":"product","link":"https:\/\/mobecor.ee\/en\/toode\/lastemadrats-coco-ecological\/","title":{"rendered":"Lastemadrats Coco Ecological"},"content":{"rendered":"<div class=\"itemIntroText\">\n<div class=\"itemIntroText\">\n<div class=\"itemIntroText\">\n<p>Madrats on kaetud kvaliteetse Damaskuse kangaga, mis on t\u00f6\u00f6deldud Aloe Veraga, on tolmulestavastase ning antibakteriaalse t\u00f6\u00f6tlusega.<br \/>\nKangas on tepitud linakiuga.<br \/>\n6 cm paksuse kookoskiu kihi peal on termot\u00f6\u00f6deldud, \u00f5hku l\u00e4bilaskev, naturaalse valge puuvillakiu kiht.<br \/>\nToode on pakitud tugevasse pol\u00fcet\u00fcleenkotti.<br \/>\nToodetud: K\u00fcprosel.<br \/>\nMadratsi k\u00f5rgus on 11 cm.<br \/>\nStandardm\u00f5\u00f5dud:<br \/>\n* 60 x 120 cm;\u00a0 * 70 x 140 cm;\u00a0 * 70 x 155 cm.<br \/>\nLisavalikuna v\u00f5imalik tellida ka lastemadratsi pikendus: 70 x 50 cm.<\/p>\n<\/div>\n<\/div>\n<\/div>\n","protected":false},"excerpt":{"rendered":"<p>K\u00f5va kookoskiu madrats.<br \/>\nTarneaeg: kuni 4\u00a0n\u00e4dalat.<\/p>\n","protected":false},"featured_media":4220,"template":"","meta":{"_acf_changed":false,"inline_featured_image":false},"series":[],"product_brand":[2860],"product_cat":[108],"product_tag":[],"class_list":{"0":"post-24555","1":"product","2":"type-product","3":"status-publish","4":"has-post-thumbnail","6":"product_brand-stroma","7":"product_cat-vedrumadratsid-1","9":"first","10":"instock","11":"taxable","12":"shipping-taxable","13":"purchasable","14":"product-type-variable"},"acf":[],"_links":{"self":[{"href":"https:\/\/mobecor.ee\/en\/wp-json\/wp\/v2\/product\/24555","targetHints":{"allow":["GET"]}}],"collection":[{"href":"https:\/\/mobecor.ee\/en\/wp-json\/wp\/v2\/product"}],"about":[{"href":"https:\/\/mobecor.ee\/en\/wp-json\/wp\/v2\/types\/product"}],"wp:featuredmedia":[{"embeddable":true,"href":"https:\/\/mobecor.ee\/en\/wp-json\/wp\/v2\/media\/4220"}],"wp:attachment":[{"href":"https:\/\/mobecor.ee\/en\/wp-json\/wp\/v2\/media?parent=24555"}],"wp:term":[{"taxonomy":"series","embeddable":true,"href":"https:\/\/mobecor.ee\/en\/wp-json\/wp\/v2\/series?post=24555"},{"taxonomy":"product_brand","embeddable":true,"href":"https:\/\/mobecor.ee\/en\/wp-json\/wp\/v2\/product_brand?post=24555"},{"taxonomy":"product_cat","embeddable":true,"href":"https:\/\/mobecor.ee\/en\/wp-json\/wp\/v2\/product_cat?post=24555"},{"taxonomy":"product_tag","embeddable":true,"href":"https:\/\/mobecor.ee\/en\/wp-json\/wp\/v2\/product_tag?post=24555"}],"curies":[{"name":"wp","href":"https:\/\/api.w.org\/{rel}","templated":true}]}}