{"id":24556,"date":"2025-05-06T07:41:21","date_gmt":"2025-05-06T07:41:21","guid":{"rendered":"https:\/\/mobecor.ee\/?post_type=product&#038;p=24556"},"modified":"2025-07-23T11:10:08","modified_gmt":"2025-07-23T11:10:08","slug":"kattemadrats-foam","status":"publish","type":"product","link":"https:\/\/mobecor.ee\/en\/toode\/kattemadrats-foam\/","title":{"rendered":"Kattemadrats Foam"},"content":{"rendered":"<div class=\"itemIntroText\">\n<div class=\"itemIntroText\">\n<div class=\"itemIntroText\">\n<div class=\"itemIntroText\">\n<p>Kangas on tepitud \u00fchelt poolt puuvillakiuga, teiselt poolt villakiuga.<br \/>\nT\u00e4idismaterjaliks on \u00f5hku l\u00e4bilaskev 3 cm paksune HR poroloon.<br \/>\n<span lang=\"et-EE\">Toode on pakitud tugevasse pol\u00fcet\u00fcleenkotti.<br \/>\n<\/span>Madratsikate on eemaldatav.<br \/>\nValmistatud K\u00fcprosel.<br \/>\nKattemadratsi paksus ca 5 cm.<br \/>\nStandardm\u00f5\u00f5dud:<br \/>\n* 70 x 190 cm;\u00a0 * 80 x 200 cm;\u00a0 * 90 x 190 cm;\u00a0 * 90 x 200 cm;\u00a0 * 100 x 200 cm;\u00a0 * 120*190 cm;\u00a0 * 120 x 200 cm;\u00a0 * 140 x 190 cm;\u00a0 * 140 x 200 cm;\u00a0 * 160 x 190 cm;\u00a0 * 160 x 200 cm;\u00a0 * 180 x 200 cm;\u00a0 * 200 x 200 cm.<br \/>\nV\u00f5imalik tellida m\u00f5\u00f5te vastavalt kliendi soovile (erim\u00f5\u00f5te). Erim\u00f5\u00f5dus kattemadratsi tarneaeg on 8-9 \u00a0n\u00e4dalat.<br \/>\n<strong>NB! Erim\u00f5\u00f5dus kattemadratsitele ei kehti tagastus\u00f5igus.<\/strong><\/p>\n<\/div>\n<\/div>\n<\/div>\n<\/div>\n","protected":false},"excerpt":{"rendered":"<p>Kattemadrats on kaetud elastse antibakteriaalse puuvill\/pol\u00fcester h\u00f5bekiud kangaga. H\u00f5bekiud takistab bakterite levikut, on parim elektrostaatiliste laengute maandaja ning reguleerib magaja kehatemperatuuri.<br \/>\nTarneaeg: kuni 4\u00a0n\u00e4dalat.<\/p>\n","protected":false},"featured_media":4222,"template":"","meta":{"_acf_changed":false,"inline_featured_image":false},"series":[],"product_brand":[2860],"product_cat":[110],"product_tag":[],"class_list":{"0":"post-24556","1":"product","2":"type-product","3":"status-publish","4":"has-post-thumbnail","6":"product_brand-stroma","7":"product_cat-kattemadratsid-2","9":"first","10":"instock","11":"taxable","12":"shipping-taxable","13":"purchasable","14":"product-type-variable"},"acf":[],"_links":{"self":[{"href":"https:\/\/mobecor.ee\/en\/wp-json\/wp\/v2\/product\/24556","targetHints":{"allow":["GET"]}}],"collection":[{"href":"https:\/\/mobecor.ee\/en\/wp-json\/wp\/v2\/product"}],"about":[{"href":"https:\/\/mobecor.ee\/en\/wp-json\/wp\/v2\/types\/product"}],"wp:featuredmedia":[{"embeddable":true,"href":"https:\/\/mobecor.ee\/en\/wp-json\/wp\/v2\/media\/4222"}],"wp:attachment":[{"href":"https:\/\/mobecor.ee\/en\/wp-json\/wp\/v2\/media?parent=24556"}],"wp:term":[{"taxonomy":"series","embeddable":true,"href":"https:\/\/mobecor.ee\/en\/wp-json\/wp\/v2\/series?post=24556"},{"taxonomy":"product_brand","embeddable":true,"href":"https:\/\/mobecor.ee\/en\/wp-json\/wp\/v2\/product_brand?post=24556"},{"taxonomy":"product_cat","embeddable":true,"href":"https:\/\/mobecor.ee\/en\/wp-json\/wp\/v2\/product_cat?post=24556"},{"taxonomy":"product_tag","embeddable":true,"href":"https:\/\/mobecor.ee\/en\/wp-json\/wp\/v2\/product_tag?post=24556"}],"curies":[{"name":"wp","href":"https:\/\/api.w.org\/{rel}","templated":true}]}}