{"id":24557,"date":"2025-05-06T07:41:26","date_gmt":"2025-05-06T07:41:26","guid":{"rendered":"https:\/\/mobecor.ee\/?post_type=product&#038;p=24557"},"modified":"2025-07-24T10:38:58","modified_gmt":"2025-07-24T10:38:58","slug":"kattemadrats-latex","status":"publish","type":"product","link":"https:\/\/mobecor.ee\/en\/toode\/kattemadrats-latex\/","title":{"rendered":"Kattemadrats Latex"},"content":{"rendered":"<div class=\"itemIntroText\">\n<div class=\"itemIntroText\">\n<div class=\"itemIntroText\">\n<div class=\"itemIntroText\">\n<p>Kattemadrats kaitseb madratsi pealispinda, pikendab selle kasutusiga ning annab Teie magamiskohale t\u00e4iendava mugavuse, eriti k\u00f5vadel madratsitel!<br \/>\nKattemadrats on kaetud elastse antibakteriaalse puuvill\/pol\u00fcester h\u00f5bekiud kangaga. H\u00f5bekiud takistab bakterite levikut, on parim elektrostaatiliste laengute maandaja ning reguleerib magaja kehatemperatuuri.<br \/>\nKangas on tepitud \u00fchelt poolt puuvillakiuga, teiselt poolt villakiuga.<br \/>\nT\u00e4idismaterjaliks on \u00f5hku l\u00e4bilaskev 2 cm paksune naturaalne latex.<br \/>\nMadratsikate on eemaldatav.<br \/>\nValmistatud K\u00fcprosel.<br \/>\nKattemadratsi paksus ca 4 cm.<br \/>\nStandardm\u00f5\u00f5dud:<br \/>\n* 70 x 190 cm;\u00a0 * 80 x 200 cm;\u00a0 * 90 x 190 cm;\u00a0 * 90 x 200 cm;\u00a0 * 100 x 200 cm;\u00a0 * 120 x 190 cm;\u00a0 * 120 x 200 cm;\u00a0 * 140 x 190 cm;\u00a0 * 140 x 200 cm;\u00a0 * 160 x 190 cm;\u00a0 * 160 x 200 cm;\u00a0 * 180 x 200 cm;\u00a0 * 200 x 200 cm.<br \/>\nV\u00f5imalik tellida m\u00f5\u00f5te vastavalt kliendi soovile (erim\u00f5\u00f5te). Erim\u00f5\u00f5dus kattemadratsi tarneaeg on 8-9 \u00a0n\u00e4dalat.<br \/>\n<strong>NB! Erim\u00f5\u00f5dus kattemadratsitele ei kehti tagastus\u00f5igus.<\/strong><\/p>\n<\/div>\n<\/div>\n<\/div>\n<\/div>\n","protected":false},"excerpt":{"rendered":"<p>Naturaalse latex sisuga kattemadrats.<br \/>\nTarneaeg: kuni 4\u00a0n\u00e4dalat.<\/p>\n","protected":false},"featured_media":4224,"template":"","meta":{"_acf_changed":false,"inline_featured_image":false},"series":[],"product_brand":[2860],"product_cat":[110],"product_tag":[],"class_list":{"0":"post-24557","1":"product","2":"type-product","3":"status-publish","4":"has-post-thumbnail","6":"product_brand-stroma","7":"product_cat-kattemadratsid-2","9":"first","10":"instock","11":"taxable","12":"shipping-taxable","13":"purchasable","14":"product-type-variable"},"acf":[],"_links":{"self":[{"href":"https:\/\/mobecor.ee\/en\/wp-json\/wp\/v2\/product\/24557","targetHints":{"allow":["GET"]}}],"collection":[{"href":"https:\/\/mobecor.ee\/en\/wp-json\/wp\/v2\/product"}],"about":[{"href":"https:\/\/mobecor.ee\/en\/wp-json\/wp\/v2\/types\/product"}],"wp:featuredmedia":[{"embeddable":true,"href":"https:\/\/mobecor.ee\/en\/wp-json\/wp\/v2\/media\/4224"}],"wp:attachment":[{"href":"https:\/\/mobecor.ee\/en\/wp-json\/wp\/v2\/media?parent=24557"}],"wp:term":[{"taxonomy":"series","embeddable":true,"href":"https:\/\/mobecor.ee\/en\/wp-json\/wp\/v2\/series?post=24557"},{"taxonomy":"product_brand","embeddable":true,"href":"https:\/\/mobecor.ee\/en\/wp-json\/wp\/v2\/product_brand?post=24557"},{"taxonomy":"product_cat","embeddable":true,"href":"https:\/\/mobecor.ee\/en\/wp-json\/wp\/v2\/product_cat?post=24557"},{"taxonomy":"product_tag","embeddable":true,"href":"https:\/\/mobecor.ee\/en\/wp-json\/wp\/v2\/product_tag?post=24557"}],"curies":[{"name":"wp","href":"https:\/\/api.w.org\/{rel}","templated":true}]}}