{"id":24561,"date":"2025-05-06T07:41:48","date_gmt":"2025-05-06T07:41:48","guid":{"rendered":"https:\/\/mobecor.ee\/?post_type=product&#038;p=24561"},"modified":"2025-07-24T13:22:49","modified_gmt":"2025-07-24T13:22:49","slug":"padi-extra-pure-anatomic-mc","status":"publish","type":"product","link":"https:\/\/mobecor.ee\/en\/toode\/padi-extra-pure-anatomic-mc\/","title":{"rendered":"Padi Extra Pure Anatomic MC (h=11-13 cm)"},"content":{"rendered":"<div class=\"itemIntroText\">\n<div class=\"itemIntroText\">\n<div class=\"itemIntroText\">\n<div class=\"itemIntroText\">\n<p><span style=\"font-size: 10pt;\">Padi ExtraPure sobib neile, kes eelistavad keskmiselt k\u00f5va patja.<\/span><br \/>\n<span style=\"font-size: 10pt;\">Pakub suurep\u00e4rast tuge kaelale, v\u00e4hendades survet peale ja \u00f5lgadele.<\/span><br \/>\n<span style=\"font-size: 10pt;\">Padi ei ole pestav.<\/span><br \/>\n<span style=\"font-size: 10pt;\">Padjap\u00fc\u00fcr on allergiavaba ja pestav temperatuuril kuni 40\u00b0C.<\/span><\/p>\n<\/div>\n<\/div>\n<\/div>\n<\/div>\n","protected":false},"excerpt":{"rendered":"<p><span style=\"font-size: 10pt;\">Valmistatud Memory poroloonist.<br \/>\nM\u00f5\u00f5dud: 38 x 60 x 11-13 cm.<br \/>\nTarneaeg: kuni 4 n\u00e4dalat.<\/span><\/p>\n","protected":false},"featured_media":4232,"template":"","meta":{"_acf_changed":false,"inline_featured_image":false},"series":[],"product_brand":[2860],"product_cat":[112],"product_tag":[],"class_list":{"0":"post-24561","1":"product","2":"type-product","3":"status-publish","4":"has-post-thumbnail","6":"product_brand-stroma","7":"product_cat-padjad","9":"first","10":"instock","11":"taxable","12":"shipping-taxable","13":"purchasable","14":"product-type-simple"},"acf":[],"_links":{"self":[{"href":"https:\/\/mobecor.ee\/en\/wp-json\/wp\/v2\/product\/24561","targetHints":{"allow":["GET"]}}],"collection":[{"href":"https:\/\/mobecor.ee\/en\/wp-json\/wp\/v2\/product"}],"about":[{"href":"https:\/\/mobecor.ee\/en\/wp-json\/wp\/v2\/types\/product"}],"wp:featuredmedia":[{"embeddable":true,"href":"https:\/\/mobecor.ee\/en\/wp-json\/wp\/v2\/media\/4232"}],"wp:attachment":[{"href":"https:\/\/mobecor.ee\/en\/wp-json\/wp\/v2\/media?parent=24561"}],"wp:term":[{"taxonomy":"series","embeddable":true,"href":"https:\/\/mobecor.ee\/en\/wp-json\/wp\/v2\/series?post=24561"},{"taxonomy":"product_brand","embeddable":true,"href":"https:\/\/mobecor.ee\/en\/wp-json\/wp\/v2\/product_brand?post=24561"},{"taxonomy":"product_cat","embeddable":true,"href":"https:\/\/mobecor.ee\/en\/wp-json\/wp\/v2\/product_cat?post=24561"},{"taxonomy":"product_tag","embeddable":true,"href":"https:\/\/mobecor.ee\/en\/wp-json\/wp\/v2\/product_tag?post=24561"}],"curies":[{"name":"wp","href":"https:\/\/api.w.org\/{rel}","templated":true}]}}