{"id":24569,"date":"2025-05-06T07:42:04","date_gmt":"2025-05-06T07:42:04","guid":{"rendered":"https:\/\/mobecor.ee\/?post_type=product&#038;p=24569"},"modified":"2025-08-12T10:01:16","modified_gmt":"2025-08-12T07:01:16","slug":"beebimadrats-kolysanka-lotus-70-140","status":"publish","type":"product","link":"https:\/\/mobecor.ee\/en\/toode\/beebimadrats-kolysanka-lotus-70-140\/","title":{"rendered":"Beebimadrats Kolysanka Lotus 70*140"},"content":{"rendered":"<div><span style=\"font-size: 10pt;\">Madratsi sisu p\u00f5hineb \u00f5hulisel ja painduval <strong>Flexifoam\u00a0<\/strong>poroloonil, mida katab j\u00e4ik\u00a0<strong>kookoskiht<\/strong>\u00a0ja<strong>\u00a0<\/strong>millele on omakorda<strong>\u00a0lisatud pehmendavat lateksit,<\/strong>\u00a0kaitstes seega madratsit niiskuse ja m\u00e4\u00e4rdumise eest.<br \/>\n<\/span><span style=\"font-size: 10pt;\">Madratsi disain v\u00f5imaldab valida kas pehmema v\u00f5i j\u00e4igema toestuse\u2013 lihtsalt keera madrats \u00fcmber.<br \/>\n<\/span><span style=\"font-size: 10pt;\">Madratsi kattel on optiliste valgenditeta niiskuskindel ja\u00a0<strong>allergiavastane Lotus t\u00f6\u00f6tlus,<\/strong>\u00a0mis ei v\u00f5ta sisse plekke ning on lihtsasti puhastatav.<br \/>\n<\/span><span style=\"font-size: 10pt;\"><strong>Madratsi kate on eemaldatav ja pestav kuni 40-kraadisel temperatuuril.<\/strong><\/span><\/div>\n","protected":false},"excerpt":{"rendered":"<p><span style=\"font-size: 10pt;\">Kolysanka on kahepoolne niiskuskindel madrats beebidele alates\u00a0<strong>esimestest elup\u00e4evadest.<\/strong><br \/>\n<\/span><span style=\"font-size: 10pt;\">K\u00f5rgus 11 cm.<br \/>\n<\/span><span style=\"font-size: 10pt;\">M\u00f5\u00f5dud: 70 x 140 cm.<\/span><\/p>\n","protected":false},"featured_media":4248,"template":"","meta":{"_acf_changed":false,"inline_featured_image":false},"series":[],"product_brand":[2856],"product_cat":[2958],"product_tag":[],"class_list":{"0":"post-24569","1":"product","2":"type-product","3":"status-publish","4":"has-post-thumbnail","6":"product_brand-hilding","7":"product_cat-70-140","9":"first","10":"instock","11":"taxable","12":"shipping-taxable","13":"purchasable","14":"product-type-simple"},"acf":[],"_links":{"self":[{"href":"https:\/\/mobecor.ee\/en\/wp-json\/wp\/v2\/product\/24569","targetHints":{"allow":["GET"]}}],"collection":[{"href":"https:\/\/mobecor.ee\/en\/wp-json\/wp\/v2\/product"}],"about":[{"href":"https:\/\/mobecor.ee\/en\/wp-json\/wp\/v2\/types\/product"}],"wp:featuredmedia":[{"embeddable":true,"href":"https:\/\/mobecor.ee\/en\/wp-json\/wp\/v2\/media\/4248"}],"wp:attachment":[{"href":"https:\/\/mobecor.ee\/en\/wp-json\/wp\/v2\/media?parent=24569"}],"wp:term":[{"taxonomy":"series","embeddable":true,"href":"https:\/\/mobecor.ee\/en\/wp-json\/wp\/v2\/series?post=24569"},{"taxonomy":"product_brand","embeddable":true,"href":"https:\/\/mobecor.ee\/en\/wp-json\/wp\/v2\/product_brand?post=24569"},{"taxonomy":"product_cat","embeddable":true,"href":"https:\/\/mobecor.ee\/en\/wp-json\/wp\/v2\/product_cat?post=24569"},{"taxonomy":"product_tag","embeddable":true,"href":"https:\/\/mobecor.ee\/en\/wp-json\/wp\/v2\/product_tag?post=24569"}],"curies":[{"name":"wp","href":"https:\/\/api.w.org\/{rel}","templated":true}]}}