{"id":24650,"date":"2025-05-06T07:49:02","date_gmt":"2025-05-06T07:49:02","guid":{"rendered":"https:\/\/mobecor.ee\/?post_type=product&#038;p=24650"},"modified":"2025-08-13T16:13:04","modified_gmt":"2025-08-13T13:13:04","slug":"madrats-olympia","status":"publish","type":"product","link":"https:\/\/mobecor.ee\/en\/toode\/madrats-olympia\/","title":{"rendered":"Madrats Olympia"},"content":{"rendered":"<div class=\"itemIntroText\">\n<div class=\"itemIntroText\">\n<div class=\"itemIntroText\">\n<p><span style=\"font-size: 14px;\">Olympia vedrumadrats on keskmisest k\u00f5vem, mugav ning vastupidav madrats. Sobib ka suurema kehakaaluga inimestele ning nendele kes armastavad magada selili v\u00f5i k\u00fclili.<br \/>\nMadrats on kaetud k\u00f5rgekvaliteetse ja ainulaadse Olive Oil fiber\u00a0 t\u00f6\u00f6deldud kangaga. See on antibakteriaalne ning v\u00e4ga hea hingavusega.<\/span><br \/>\n<span style=\"font-size: 14px;\"> Innovaatiline 3Space\u00ae kangas madratsi k\u00fclgedel tagab parima \u00f5hutuse madratsi sisemuses, hoides madratsi kuiva ja v\u00e4rskena.<\/span><br \/>\n<span style=\"font-size: 14px;\">Kangas \u00fchelt poolt tepitud linakiu kihiga, teiselt poolt naturaalse kaamelivillakiu kihiga.<br \/>\nT\u00e4idismaterjalina on kasutatud valgeid, \u00f5hu l\u00e4bilaskvaid, termot\u00f6\u00f6deldud puuvillavilte ja puuvilla ning naturaalset latexit. Naturaalne latexikiht lisab madratsile pehmust ning mugavust.Kangas \u00fchelt poolt tepitud linakiu kihiga, teiselt poolt naturaalse kaamelivillakiu kihiga.<br \/>\nT\u00e4idismaterjalina on kasutatud valgeid, \u00f5hu l\u00e4bilaskvaid, termot\u00f6\u00f6deldud puuvillavilte ja puuvilla ning naturaalset latexit. Naturaalne latexikiht lisab madratsile pehmust ning mugavust.<br \/>\nMadratsil on micropocket vedrustus, mis j\u00e4rgib inimese kehakuju. S\u00f5ltumatu vedrus\u00fcsteem toetab selga ning kehakaal jaguneb \u00fchtlaselt madratsile, mis kindlustab parima magamismugavuse.<br \/>\nMicropocket (taskustatud t\u00fc\u00fcpi) vedrublokk, vedrutraadi l\u00e4bim\u00f5\u00f5t 1,30 mm, 545 vedru\/m2 kohta, vedrud \u00fchendatud lameda terastraadist raamiga.<br \/>\nMadratsi k\u00fclgedel on spetsiaalsed lisa tugivedrud, tagades madratsile hingavuse ning andes t\u00e4iendavat tuge madratsi servadele, takistades servade \u00e4ravajumist.<br \/>\nGarantii vedrudele 7 aastat.<br \/>\nInnovaatiline 3Space\u00ae kangas madratsi k\u00fclgedel tagab parima \u00f5hutuse madratsi sisemuses, hoides madratsi kuiva ja v\u00e4rskena.<br \/>\nMadratsi k\u00fclgedel tugevdatud sangad, valmistatud samast kangast mis madrats.<br \/>\nMadratsi maksimaalne kandev\u00f5ime inimese kohta: 130 kg.<br \/>\nToode on pakitud tugevasse pol\u00fcet\u00fcleenkotti.<br \/>\nToodetud: K\u00fcprosel.<br \/>\nMadratsi k\u00f5rgus on 24 cm.<br \/>\nStandardm\u00f5\u00f5dud:<br \/>\n* 70 x 190 cm;\u00a0 * 80 x 200 cm;\u00a0 * 90 x 190 cm;\u00a0 * 90 x 200 cm;\u00a0 * 100 x 200 cm;\u00a0 * 120 x 200 cm;\u00a0 * 140 x 190 cm;\u00a0 * 140 x 200 cm;\u00a0 * 160 x 190 cm;\u00a0 * 160 x 200 cm;\u00a0 * 180 x 200 cm;\u00a0 * 200 x 200 cm.<br \/>\nV\u00f5imalik tellida m\u00f5\u00f5te vastavalt kliendi soovile (erim\u00f5\u00f5te). Erim\u00f5\u00f5dus madratsi tarneaeg on 8-9 n\u00e4dalat.<br \/>\n<strong>NB! Erim\u00f5\u00f5dus madratsitele ei kehti tagastus\u00f5igus.<\/strong><\/span><\/p>\n<\/div>\n<\/div>\n<\/div>\n","protected":false},"excerpt":{"rendered":"<p><span style=\"font-size: 14px;\">Keskmisest j\u00e4igem vedrumadrats.<br \/>\nSobib ka suurema kehakaaluga inimestele ning nendele kes armastavad magada selili v\u00f5i k\u00fclili.<br \/>\nTarneaeg: kuni 4\u00a0n\u00e4dalat.<\/span><\/p>\n","protected":false},"featured_media":4212,"template":"","meta":{"_acf_changed":false,"inline_featured_image":false},"series":[],"product_brand":[2860],"product_cat":[108],"product_tag":[],"class_list":{"0":"post-24650","1":"product","2":"type-product","3":"status-publish","4":"has-post-thumbnail","6":"product_brand-stroma","7":"product_cat-vedrumadratsid-1","9":"first","10":"instock","11":"taxable","12":"shipping-taxable","13":"purchasable","14":"product-type-variable"},"acf":[],"_links":{"self":[{"href":"https:\/\/mobecor.ee\/en\/wp-json\/wp\/v2\/product\/24650","targetHints":{"allow":["GET"]}}],"collection":[{"href":"https:\/\/mobecor.ee\/en\/wp-json\/wp\/v2\/product"}],"about":[{"href":"https:\/\/mobecor.ee\/en\/wp-json\/wp\/v2\/types\/product"}],"wp:featuredmedia":[{"embeddable":true,"href":"https:\/\/mobecor.ee\/en\/wp-json\/wp\/v2\/media\/4212"}],"wp:attachment":[{"href":"https:\/\/mobecor.ee\/en\/wp-json\/wp\/v2\/media?parent=24650"}],"wp:term":[{"taxonomy":"series","embeddable":true,"href":"https:\/\/mobecor.ee\/en\/wp-json\/wp\/v2\/series?post=24650"},{"taxonomy":"product_brand","embeddable":true,"href":"https:\/\/mobecor.ee\/en\/wp-json\/wp\/v2\/product_brand?post=24650"},{"taxonomy":"product_cat","embeddable":true,"href":"https:\/\/mobecor.ee\/en\/wp-json\/wp\/v2\/product_cat?post=24650"},{"taxonomy":"product_tag","embeddable":true,"href":"https:\/\/mobecor.ee\/en\/wp-json\/wp\/v2\/product_tag?post=24650"}],"curies":[{"name":"wp","href":"https:\/\/api.w.org\/{rel}","templated":true}]}}