{"id":24652,"date":"2025-05-06T07:49:03","date_gmt":"2025-05-06T07:49:03","guid":{"rendered":"https:\/\/mobecor.ee\/?post_type=product&#038;p=24652"},"modified":"2025-07-23T09:52:51","modified_gmt":"2025-07-23T09:52:51","slug":"madrats-iris","status":"publish","type":"product","link":"https:\/\/mobecor.ee\/en\/toode\/madrats-iris\/","title":{"rendered":"Madrats Iris"},"content":{"rendered":"<div class=\"itemIntroText\">\n<div class=\"itemIntroText\">\n<div class=\"itemIntroText\">\n<p>Madrats kaetud Sensovel Viscose kangaga. Viskooskiust valmistatud siidine kangas on antistaatiline, hingav ning niiskust juhtiv pehme kvaliteetne kangas.<br \/>\nKangas vastab \u00d6ko-Tex 100 rahvusvahelisele standardile.<br \/>\nKangas \u00fchelt poolt on tepitud puuvillakiuga, teiselt poolt naturaalse lambavillakiuga.<br \/>\nMadratsil on pocket t\u00fc\u00fcpi vedrustus, mis j\u00e4rgib inimese kehakuju, s\u00f5ltumatu vedrus\u00fcsteem toetab selga ja kehakaal jaguneb \u00fchtlaselt madratsile, mis kindlustab parima magamismugavuse.<br \/>\nPocket (taskustatud t\u00fc\u00fcpi) vedrublokk, vedrutraadi l\u00e4bim\u00f5\u00f5t 1,8 mm, 245 vedru\/m2 kohta.<br \/>\nGarantii vedrudele 7 aastat.<br \/>\nVedrudel HR (high resilience) poroloon.<br \/>\nMadratsi k\u00fclgedel on 7 cm paksune HR poroloon, mis tagab madratsi pikema eluea.<br \/>\nMadratsi k\u00fclgedel tugevdatud sangad, valmistatud samast kangast mis madrats.<br \/>\nMadratsi maksimaalne kandev\u00f5ime inimese kohta: 100 kg.<br \/>\nToode on pakitud tugevasse pol\u00fcet\u00fcleenkotti.<strong><br \/>\n<\/strong>Toodetud: K\u00fcprosel.<br \/>\nMadratsi k\u00f5rgus on 22 cm.<br \/>\nStandardm\u00f5\u00f5dud:<br \/>\n* 80 x 200 cm;\u00a0 * 90 x 190 cm;\u00a0 * 90 x 200 cm;\u00a0 * 100 x 200 cm;\u00a0 * 120 x 190 cm;\u00a0 * 120 x 200 cm;\u00a0 * 140 x 190 cm;\u00a0 * 140 x 200 cm;\u00a0 * 160 x 190 cm;\u00a0 * 160 x 200 cm;\u00a0 * 180 x 200 cm;\u00a0 * 200 x 200 cm.<br \/>\nV\u00f5imalik tellida m\u00f5\u00f5te vastavalt kliendi soovile (erim\u00f5\u00f5te). Erim\u00f5\u00f5dus madratsi tarneaeg on 8-9 n\u00e4dalat.<br \/>\n<strong>NB! Erim\u00f5\u00f5dus madratsitele ei kehti tagastus\u00f5igus.<\/strong><\/p>\n<\/div>\n<\/div>\n<\/div>\n","protected":false},"excerpt":{"rendered":"<p>Keskmiselt j\u00e4igem vedrumadrats.<br \/>\nT\u00e4itematerjaliks on HR poroloon.<br \/>\nTarneaeg: kuni 4\u00a0n\u00e4dalat.<\/p>\n","protected":false},"featured_media":4216,"template":"","meta":{"_acf_changed":false,"inline_featured_image":false},"series":[],"product_brand":[2860],"product_cat":[108],"product_tag":[],"class_list":{"0":"post-24652","1":"product","2":"type-product","3":"status-publish","4":"has-post-thumbnail","6":"product_brand-stroma","7":"product_cat-vedrumadratsid-1","9":"first","10":"instock","11":"taxable","12":"shipping-taxable","13":"purchasable","14":"product-type-variable"},"acf":[],"_links":{"self":[{"href":"https:\/\/mobecor.ee\/en\/wp-json\/wp\/v2\/product\/24652","targetHints":{"allow":["GET"]}}],"collection":[{"href":"https:\/\/mobecor.ee\/en\/wp-json\/wp\/v2\/product"}],"about":[{"href":"https:\/\/mobecor.ee\/en\/wp-json\/wp\/v2\/types\/product"}],"wp:featuredmedia":[{"embeddable":true,"href":"https:\/\/mobecor.ee\/en\/wp-json\/wp\/v2\/media\/4216"}],"wp:attachment":[{"href":"https:\/\/mobecor.ee\/en\/wp-json\/wp\/v2\/media?parent=24652"}],"wp:term":[{"taxonomy":"series","embeddable":true,"href":"https:\/\/mobecor.ee\/en\/wp-json\/wp\/v2\/series?post=24652"},{"taxonomy":"product_brand","embeddable":true,"href":"https:\/\/mobecor.ee\/en\/wp-json\/wp\/v2\/product_brand?post=24652"},{"taxonomy":"product_cat","embeddable":true,"href":"https:\/\/mobecor.ee\/en\/wp-json\/wp\/v2\/product_cat?post=24652"},{"taxonomy":"product_tag","embeddable":true,"href":"https:\/\/mobecor.ee\/en\/wp-json\/wp\/v2\/product_tag?post=24652"}],"curies":[{"name":"wp","href":"https:\/\/api.w.org\/{rel}","templated":true}]}}