{"id":24660,"date":"2025-05-06T07:49:35","date_gmt":"2025-05-06T07:49:35","guid":{"rendered":"https:\/\/mobecor.ee\/?post_type=product&#038;p=24660"},"modified":"2026-02-07T11:04:54","modified_gmt":"2026-02-07T09:04:54","slug":"voodi-desjo-53-voodipohi-r-160","status":"publish","type":"product","link":"https:\/\/mobecor.ee\/en\/toode\/voodi-desjo-53-voodipohi-r-160\/","title":{"rendered":"Voodi Desjo 50 + voodip\u00f5hi R-160*200"},"content":{"rendered":"<p>Voodile sobib madrats m\u00f5\u00f5tudes 160 x 200 cm.<br \/>\nMadrats ei kuulu komplekti.<br \/>\nMaterjal: kvaliteetne ja vastupidav melamiinkattega laminaat.<br \/>\nV\u00e4rv: tamm San Remo\/pruun.<br \/>\nToodetud: Poolas.<br \/>\nToode tarnitakse detailidena.<\/p>\n","protected":false},"excerpt":{"rendered":"<p>Laius: 184 cm.<br \/>\nK\u00f5rgus: 90 cm.<br \/>\nS\u00fcgavus: 208 cm.<br \/>\nKaal: 53 kg.<br \/>\nTarneaeg: 4-8 n\u00e4dalat.<\/p>\n","protected":false},"featured_media":4032,"template":"","meta":{"_acf_changed":false,"inline_featured_image":false},"series":[3545],"product_brand":[2941],"product_cat":[4016],"product_tag":[],"class_list":{"0":"post-24660","1":"product","2":"type-product","3":"status-publish","4":"has-post-thumbnail","6":"series-desjo-mooblisari","7":"product_brand-szynaka","8":"product_cat-voodid-160-x-200","10":"first","11":"instock","12":"taxable","13":"shipping-taxable","14":"purchasable","15":"product-type-simple"},"acf":[],"_links":{"self":[{"href":"https:\/\/mobecor.ee\/en\/wp-json\/wp\/v2\/product\/24660","targetHints":{"allow":["GET"]}}],"collection":[{"href":"https:\/\/mobecor.ee\/en\/wp-json\/wp\/v2\/product"}],"about":[{"href":"https:\/\/mobecor.ee\/en\/wp-json\/wp\/v2\/types\/product"}],"wp:featuredmedia":[{"embeddable":true,"href":"https:\/\/mobecor.ee\/en\/wp-json\/wp\/v2\/media\/4032"}],"wp:attachment":[{"href":"https:\/\/mobecor.ee\/en\/wp-json\/wp\/v2\/media?parent=24660"}],"wp:term":[{"taxonomy":"series","embeddable":true,"href":"https:\/\/mobecor.ee\/en\/wp-json\/wp\/v2\/series?post=24660"},{"taxonomy":"product_brand","embeddable":true,"href":"https:\/\/mobecor.ee\/en\/wp-json\/wp\/v2\/product_brand?post=24660"},{"taxonomy":"product_cat","embeddable":true,"href":"https:\/\/mobecor.ee\/en\/wp-json\/wp\/v2\/product_cat?post=24660"},{"taxonomy":"product_tag","embeddable":true,"href":"https:\/\/mobecor.ee\/en\/wp-json\/wp\/v2\/product_tag?post=24660"}],"curies":[{"name":"wp","href":"https:\/\/api.w.org\/{rel}","templated":true}]}}