{"id":24664,"date":"2025-05-06T07:49:55","date_gmt":"2025-05-06T07:49:55","guid":{"rendered":"https:\/\/mobecor.ee\/?post_type=product&#038;p=24664"},"modified":"2026-01-20T12:17:25","modified_gmt":"2026-01-20T10:17:25","slug":"voodi-wenecja-03-voodipohi-r-160","status":"publish","type":"product","link":"https:\/\/mobecor.ee\/en\/toode\/voodi-wenecja-03-voodipohi-r-160\/","title":{"rendered":"Voodi Wenecja 03 + voodip\u00f5hi R-160*200"},"content":{"rendered":"<p>Voodile sobib madrats m\u00f5\u00f5tudes: 160 x 200 cm.<br \/>\nMadrats ei kuulu komplekti.<br \/>\nMaterjal: kvaliteetne ja vastupidav melamiinkattega laminaat.<br \/>\nV\u00e4rv: tamm Sonoma\/valge.<br \/>\nToodetud: Poolas.<br \/>\nToode tarnitakse detailidena.<\/p>\n<p>&nbsp;<\/p>\n","protected":false},"excerpt":{"rendered":"<p>Laius: 172 cm.<br \/>\nK\u00f5rgus: 80 cm.<br \/>\nS\u00fcgavus: 206 cm.<br \/>\nKaal: 45 kg.<br \/>\nTarneaeg: 4-8 n\u00e4dalat.<\/p>\n","protected":false},"featured_media":4040,"template":"","meta":{"_acf_changed":false,"inline_featured_image":false},"series":[3978],"product_brand":[2941],"product_cat":[4016],"product_tag":[],"class_list":{"0":"post-24664","1":"product","2":"type-product","3":"status-publish","4":"has-post-thumbnail","6":"series-wenecja-mooblisari","7":"product_brand-szynaka","8":"product_cat-voodid-160-x-200","10":"first","11":"instock","12":"sale","13":"taxable","14":"shipping-taxable","15":"purchasable","16":"product-type-simple"},"acf":[],"_links":{"self":[{"href":"https:\/\/mobecor.ee\/en\/wp-json\/wp\/v2\/product\/24664","targetHints":{"allow":["GET"]}}],"collection":[{"href":"https:\/\/mobecor.ee\/en\/wp-json\/wp\/v2\/product"}],"about":[{"href":"https:\/\/mobecor.ee\/en\/wp-json\/wp\/v2\/types\/product"}],"wp:featuredmedia":[{"embeddable":true,"href":"https:\/\/mobecor.ee\/en\/wp-json\/wp\/v2\/media\/4040"}],"wp:attachment":[{"href":"https:\/\/mobecor.ee\/en\/wp-json\/wp\/v2\/media?parent=24664"}],"wp:term":[{"taxonomy":"series","embeddable":true,"href":"https:\/\/mobecor.ee\/en\/wp-json\/wp\/v2\/series?post=24664"},{"taxonomy":"product_brand","embeddable":true,"href":"https:\/\/mobecor.ee\/en\/wp-json\/wp\/v2\/product_brand?post=24664"},{"taxonomy":"product_cat","embeddable":true,"href":"https:\/\/mobecor.ee\/en\/wp-json\/wp\/v2\/product_cat?post=24664"},{"taxonomy":"product_tag","embeddable":true,"href":"https:\/\/mobecor.ee\/en\/wp-json\/wp\/v2\/product_tag?post=24664"}],"curies":[{"name":"wp","href":"https:\/\/api.w.org\/{rel}","templated":true}]}}