{"id":24690,"date":"2025-05-06T07:51:30","date_gmt":"2025-05-06T07:51:30","guid":{"rendered":"https:\/\/mobecor.ee\/?post_type=product&#038;p=24690"},"modified":"2025-09-24T13:24:39","modified_gmt":"2025-09-24T10:24:39","slug":"kummut-velvet-48","status":"publish","type":"product","link":"https:\/\/mobecor.ee\/en\/toode\/kummut-velvet-48\/","title":{"rendered":"Kummut Velvet 48 (161\/42\/135)"},"content":{"rendered":"<p><span style=\"font-size: 10pt;\">Kummutil on 6 ust.\u00a02\u00a0\u00fclemist \u00e4\u00e4rmist ust on klaasiga, \u00fclemine keskmine uks avaneb alla.<br \/>\n<\/span><span style=\"font-size: 10pt;\">Dekoratiivne valgustus on hinna sees.<br \/>\n<\/span><span style=\"font-size: 10pt;\">Lisavalikuna v\u00f5imalik juurde osta led valgustus klaasist uste taha lakke.<br \/>\n<\/span><span style=\"line-height: 1.3em; font-size: 10pt;\">Esipinnad: naturaalne tammepuit (\u00f5litatud)\u00a0+ klaas.<br \/>\n<\/span><span style=\"line-height: 1.3em; font-size: 10pt;\">Korpus: k\u00f5rge kvaliteediga puitlaastplaat + tammespoon.<br \/>\n<\/span><span style=\"line-height: 1.3em; font-size: 10pt;\">V\u00e4rv: tamm rustikal.<br \/>\n<\/span><span style=\"line-height: 1.3em; font-size: 10pt;\">K\u00e4epidemed: metallist.<br \/>\n<\/span><span style=\"font-size: 10pt;\">Toodetud: Poolas.<br \/>\n<\/span><span style=\"line-height: 1.3em; font-size: 10pt;\">Toode tarnitakse kokkupanduna.<br \/>\n<\/span><\/p>\n","protected":false},"excerpt":{"rendered":"<p><span style=\"line-height: 1.3em; font-size: 10pt;\">Laius: 161 cm.<br \/>\n<\/span><span style=\"line-height: 1.3em; font-size: 10pt;\">S\u00fcgavus: 42 cm.<br \/>\n<\/span><span style=\"line-height: 1.3em; font-size: 10pt;\">K\u00f5rgus: 135 cm.<br \/>\n<\/span><span style=\"line-height: 1.3em; font-size: 10pt;\">Kaal: 90 kg.<br \/>\n<\/span><span style=\"line-height: 1.3em; font-size: 10pt;\">Tarneaeg: 4-8 n\u00e4dalat.<\/span><\/p>\n","protected":false},"featured_media":4092,"template":"","meta":{"_acf_changed":false,"inline_featured_image":false},"series":[2848],"product_brand":[2941],"product_cat":[36],"product_tag":[],"class_list":{"0":"post-24690","1":"product","2":"type-product","3":"status-publish","4":"has-post-thumbnail","6":"series-velvet","7":"product_brand-szynaka","8":"product_cat-kummutid","10":"first","11":"instock","12":"taxable","13":"shipping-taxable","14":"purchasable","15":"product-type-variable"},"acf":[],"_links":{"self":[{"href":"https:\/\/mobecor.ee\/en\/wp-json\/wp\/v2\/product\/24690","targetHints":{"allow":["GET"]}}],"collection":[{"href":"https:\/\/mobecor.ee\/en\/wp-json\/wp\/v2\/product"}],"about":[{"href":"https:\/\/mobecor.ee\/en\/wp-json\/wp\/v2\/types\/product"}],"wp:featuredmedia":[{"embeddable":true,"href":"https:\/\/mobecor.ee\/en\/wp-json\/wp\/v2\/media\/4092"}],"wp:attachment":[{"href":"https:\/\/mobecor.ee\/en\/wp-json\/wp\/v2\/media?parent=24690"}],"wp:term":[{"taxonomy":"series","embeddable":true,"href":"https:\/\/mobecor.ee\/en\/wp-json\/wp\/v2\/series?post=24690"},{"taxonomy":"product_brand","embeddable":true,"href":"https:\/\/mobecor.ee\/en\/wp-json\/wp\/v2\/product_brand?post=24690"},{"taxonomy":"product_cat","embeddable":true,"href":"https:\/\/mobecor.ee\/en\/wp-json\/wp\/v2\/product_cat?post=24690"},{"taxonomy":"product_tag","embeddable":true,"href":"https:\/\/mobecor.ee\/en\/wp-json\/wp\/v2\/product_tag?post=24690"}],"curies":[{"name":"wp","href":"https:\/\/api.w.org\/{rel}","templated":true}]}}