{"id":24732,"date":"2025-05-06T07:54:01","date_gmt":"2025-05-06T07:54:01","guid":{"rendered":"https:\/\/mobecor.ee\/?post_type=product&#038;p=24732"},"modified":"2025-11-15T10:18:06","modified_gmt":"2025-11-15T08:18:06","slug":"riidenagi-ulster","status":"publish","type":"product","link":"https:\/\/mobecor.ee\/en\/toode\/riidenagi-ulster\/","title":{"rendered":"Riidenagi Ulster (84\/60\/187)"},"content":{"rendered":"<p><span style=\"font-size: 10pt; line-height: 1.3em;\">Metallist riidenagil\u00a0on 6 paari riputuskonkse, riidepuutoru, m\u00fctsiriiul ja jalan\u00f5uderiiul.<br \/>\nViimistletud pulberv\u00e4rviga.<br \/>\nLaius:\u00a084 cm.<br \/>\nS\u00fcgavus:\u00a060 cm.<br \/>\nK\u00f5rgus: 187 cm.<br \/>\nTarneaeg: kuni 3 n\u00e4dalat.<br \/>\n<\/span><\/p>\n","protected":false},"excerpt":{"rendered":"<p>Metallist riidenagil\u00a0on 6 paari riputuskonkse, riidepuutoru, m\u00fctsiriiul ja jalan\u00f5uderiiul. Viimistletud pulberv\u00e4rviga. Laius:\u00a084 cm. S\u00fcgavus:\u00a060 cm. K\u00f5rgus: 187 cm. Tarneaeg: kuni&#8230;<\/p>\n","protected":false},"featured_media":76158,"template":"","meta":{"_acf_changed":false,"inline_featured_image":false},"series":[],"product_brand":[3022],"product_cat":[194],"product_tag":[],"class_list":{"0":"post-24732","1":"product","2":"type-product","3":"status-publish","4":"has-post-thumbnail","6":"product_brand-tederdisain","7":"product_cat-nagid","9":"first","10":"instock","11":"taxable","12":"shipping-taxable","13":"purchasable","14":"product-type-simple"},"acf":[],"_links":{"self":[{"href":"https:\/\/mobecor.ee\/en\/wp-json\/wp\/v2\/product\/24732","targetHints":{"allow":["GET"]}}],"collection":[{"href":"https:\/\/mobecor.ee\/en\/wp-json\/wp\/v2\/product"}],"about":[{"href":"https:\/\/mobecor.ee\/en\/wp-json\/wp\/v2\/types\/product"}],"wp:featuredmedia":[{"embeddable":true,"href":"https:\/\/mobecor.ee\/en\/wp-json\/wp\/v2\/media\/76158"}],"wp:attachment":[{"href":"https:\/\/mobecor.ee\/en\/wp-json\/wp\/v2\/media?parent=24732"}],"wp:term":[{"taxonomy":"series","embeddable":true,"href":"https:\/\/mobecor.ee\/en\/wp-json\/wp\/v2\/series?post=24732"},{"taxonomy":"product_brand","embeddable":true,"href":"https:\/\/mobecor.ee\/en\/wp-json\/wp\/v2\/product_brand?post=24732"},{"taxonomy":"product_cat","embeddable":true,"href":"https:\/\/mobecor.ee\/en\/wp-json\/wp\/v2\/product_cat?post=24732"},{"taxonomy":"product_tag","embeddable":true,"href":"https:\/\/mobecor.ee\/en\/wp-json\/wp\/v2\/product_tag?post=24732"}],"curies":[{"name":"wp","href":"https:\/\/api.w.org\/{rel}","templated":true}]}}