{"id":24734,"date":"2025-05-06T07:54:02","date_gmt":"2025-05-06T07:54:02","guid":{"rendered":"https:\/\/mobecor.ee\/?post_type=product&#038;p=24734"},"modified":"2025-11-15T10:16:19","modified_gmt":"2025-11-15T08:16:19","slug":"jalatsirest-zebra-2","status":"publish","type":"product","link":"https:\/\/mobecor.ee\/en\/toode\/jalatsirest-zebra-2\/","title":{"rendered":"Jalatsirest Zebra 2 (75\/28\/54)"},"content":{"rendered":"<p><span style=\"font-size: 10pt; line-height: 1.3em;\">Metallist\u00a0jalatsirestil on 2 riiulit.<br \/>\nViimistletud pulberv\u00e4rviga.<br \/>\nLaius: 75 cm.<br \/>\nS\u00fcgavus: 28 cm.<br \/>\nK\u00f5rgus: 54 cm.<br \/>\nTarneaeg: kuni 3 n\u00e4dalat.<br \/>\n<\/span><\/p>\n","protected":false},"excerpt":{"rendered":"<p>Metallist\u00a0jalatsirestil on 2 riiulit. Viimistletud pulberv\u00e4rviga. Laius: 75 cm. S\u00fcgavus: 28 cm. K\u00f5rgus: 54 cm. Tarneaeg: kuni 3 n\u00e4dalat.<\/p>\n","protected":false},"featured_media":3982,"template":"","meta":{"_acf_changed":false,"inline_featured_image":false},"series":[],"product_brand":[3022],"product_cat":[293],"product_tag":[],"class_list":{"0":"post-24734","1":"product","2":"type-product","3":"status-publish","4":"has-post-thumbnail","6":"product_brand-tederdisain","7":"product_cat-jalanoudekapid","9":"first","10":"instock","11":"taxable","12":"shipping-taxable","13":"purchasable","14":"product-type-simple"},"acf":[],"_links":{"self":[{"href":"https:\/\/mobecor.ee\/en\/wp-json\/wp\/v2\/product\/24734","targetHints":{"allow":["GET"]}}],"collection":[{"href":"https:\/\/mobecor.ee\/en\/wp-json\/wp\/v2\/product"}],"about":[{"href":"https:\/\/mobecor.ee\/en\/wp-json\/wp\/v2\/types\/product"}],"wp:featuredmedia":[{"embeddable":true,"href":"https:\/\/mobecor.ee\/en\/wp-json\/wp\/v2\/media\/3982"}],"wp:attachment":[{"href":"https:\/\/mobecor.ee\/en\/wp-json\/wp\/v2\/media?parent=24734"}],"wp:term":[{"taxonomy":"series","embeddable":true,"href":"https:\/\/mobecor.ee\/en\/wp-json\/wp\/v2\/series?post=24734"},{"taxonomy":"product_brand","embeddable":true,"href":"https:\/\/mobecor.ee\/en\/wp-json\/wp\/v2\/product_brand?post=24734"},{"taxonomy":"product_cat","embeddable":true,"href":"https:\/\/mobecor.ee\/en\/wp-json\/wp\/v2\/product_cat?post=24734"},{"taxonomy":"product_tag","embeddable":true,"href":"https:\/\/mobecor.ee\/en\/wp-json\/wp\/v2\/product_tag?post=24734"}],"curies":[{"name":"wp","href":"https:\/\/api.w.org\/{rel}","templated":true}]}}