{"id":24741,"date":"2025-05-06T07:54:06","date_gmt":"2025-05-06T07:54:06","guid":{"rendered":"https:\/\/mobecor.ee\/?post_type=product&#038;p=24741"},"modified":"2025-11-15T10:12:47","modified_gmt":"2025-11-15T08:12:47","slug":"jalatsirest-zebra-3-100","status":"publish","type":"product","link":"https:\/\/mobecor.ee\/en\/toode\/jalatsirest-zebra-3-100\/","title":{"rendered":"Jalatsirest Zebra 3 100 (100\/28\/69)"},"content":{"rendered":"<p><span style=\"font-size: 10pt; line-height: 1.3em;\">Metallist\u00a0jalatsirestil on 3 riiulit.<br \/>\nViimistletud pulberv\u00e4rviga.<br \/>\nLaius: 100 cm.<br \/>\nS\u00fcgavus: 28 cm.<br \/>\nK\u00f5rgus: 69 cm.<br \/>\nTarneaeg: kuni 3 n\u00e4dalat.<br \/>\n<\/span><\/p>\n","protected":false},"excerpt":{"rendered":"<p>Metallist\u00a0jalatsirestil on 3 riiulit. Viimistletud pulberv\u00e4rviga. Laius: 100 cm. S\u00fcgavus: 28 cm. K\u00f5rgus: 69 cm. Tarneaeg: kuni 3 n\u00e4dalat.<\/p>\n","protected":false},"featured_media":3996,"template":"","meta":{"_acf_changed":false,"inline_featured_image":false},"series":[],"product_brand":[3022],"product_cat":[293],"product_tag":[],"class_list":{"0":"post-24741","1":"product","2":"type-product","3":"status-publish","4":"has-post-thumbnail","6":"product_brand-tederdisain","7":"product_cat-jalanoudekapid","9":"first","10":"instock","11":"taxable","12":"shipping-taxable","13":"purchasable","14":"product-type-simple"},"acf":[],"_links":{"self":[{"href":"https:\/\/mobecor.ee\/en\/wp-json\/wp\/v2\/product\/24741","targetHints":{"allow":["GET"]}}],"collection":[{"href":"https:\/\/mobecor.ee\/en\/wp-json\/wp\/v2\/product"}],"about":[{"href":"https:\/\/mobecor.ee\/en\/wp-json\/wp\/v2\/types\/product"}],"wp:featuredmedia":[{"embeddable":true,"href":"https:\/\/mobecor.ee\/en\/wp-json\/wp\/v2\/media\/3996"}],"wp:attachment":[{"href":"https:\/\/mobecor.ee\/en\/wp-json\/wp\/v2\/media?parent=24741"}],"wp:term":[{"taxonomy":"series","embeddable":true,"href":"https:\/\/mobecor.ee\/en\/wp-json\/wp\/v2\/series?post=24741"},{"taxonomy":"product_brand","embeddable":true,"href":"https:\/\/mobecor.ee\/en\/wp-json\/wp\/v2\/product_brand?post=24741"},{"taxonomy":"product_cat","embeddable":true,"href":"https:\/\/mobecor.ee\/en\/wp-json\/wp\/v2\/product_cat?post=24741"},{"taxonomy":"product_tag","embeddable":true,"href":"https:\/\/mobecor.ee\/en\/wp-json\/wp\/v2\/product_tag?post=24741"}],"curies":[{"name":"wp","href":"https:\/\/api.w.org\/{rel}","templated":true}]}}