{"id":24752,"date":"2025-05-06T07:54:28","date_gmt":"2025-05-06T07:54:28","guid":{"rendered":"https:\/\/mobecor.ee\/?post_type=product&#038;p=24752"},"modified":"2026-02-17T07:46:33","modified_gmt":"2026-02-17T05:46:33","slug":"kummut-sevilla-2d1s-typ-34","status":"publish","type":"product","link":"https:\/\/mobecor.ee\/en\/toode\/kummut-sevilla-2d1s-typ-34\/","title":{"rendered":"Kummut Sevilla 2D1S TYP 34 (109\/42\/87)"},"content":{"rendered":"<p>Kummutil on 2 ust ja 1 sahtel<br \/>\nMaterjal: kvaliteetne ja vastupidav melamiinkattega laminaat + MDF.<br \/>\nKorpuse v\u00e4rv: norra tume m\u00e4nd.\u00a0Esipindade v\u00e4rv: valge k\u00f5rgl\u00e4ikega.<br \/>\nToodetud: Poolas.<br \/>\nToode tarnitakse detailidena.<\/p>\n","protected":false},"excerpt":{"rendered":"<p>Laius: 109 cm.<br \/>\nS\u00fcgavus: 42 cm.<br \/>\nK\u00f5rgus: 87 \u00a0cm.<br \/>\nTarneaeg: 4-8 n\u00e4dalat.<\/p>\n","protected":false},"featured_media":3822,"template":"","meta":{"_acf_changed":false,"inline_featured_image":false},"series":[2830],"product_brand":[2939],"product_cat":[36],"product_tag":[],"class_list":{"0":"post-24752","1":"product","2":"type-product","3":"status-publish","4":"has-post-thumbnail","6":"series-sevilla","7":"product_brand-extom","8":"product_cat-kummutid","10":"first","11":"instock","12":"taxable","13":"shipping-taxable","14":"purchasable","15":"product-type-simple"},"acf":[],"_links":{"self":[{"href":"https:\/\/mobecor.ee\/en\/wp-json\/wp\/v2\/product\/24752","targetHints":{"allow":["GET"]}}],"collection":[{"href":"https:\/\/mobecor.ee\/en\/wp-json\/wp\/v2\/product"}],"about":[{"href":"https:\/\/mobecor.ee\/en\/wp-json\/wp\/v2\/types\/product"}],"wp:featuredmedia":[{"embeddable":true,"href":"https:\/\/mobecor.ee\/en\/wp-json\/wp\/v2\/media\/3822"}],"wp:attachment":[{"href":"https:\/\/mobecor.ee\/en\/wp-json\/wp\/v2\/media?parent=24752"}],"wp:term":[{"taxonomy":"series","embeddable":true,"href":"https:\/\/mobecor.ee\/en\/wp-json\/wp\/v2\/series?post=24752"},{"taxonomy":"product_brand","embeddable":true,"href":"https:\/\/mobecor.ee\/en\/wp-json\/wp\/v2\/product_brand?post=24752"},{"taxonomy":"product_cat","embeddable":true,"href":"https:\/\/mobecor.ee\/en\/wp-json\/wp\/v2\/product_cat?post=24752"},{"taxonomy":"product_tag","embeddable":true,"href":"https:\/\/mobecor.ee\/en\/wp-json\/wp\/v2\/product_tag?post=24752"}],"curies":[{"name":"wp","href":"https:\/\/api.w.org\/{rel}","templated":true}]}}