{"id":24754,"date":"2025-05-06T07:54:35","date_gmt":"2025-05-06T07:54:35","guid":{"rendered":"https:\/\/mobecor.ee\/?post_type=product&#038;p=24754"},"modified":"2026-02-17T07:46:19","modified_gmt":"2026-02-17T05:46:19","slug":"tv-alus-sevilla-2s-typ-50","status":"publish","type":"product","link":"https:\/\/mobecor.ee\/en\/toode\/tv-alus-sevilla-2s-typ-50\/","title":{"rendered":"Tv-alus Sevilla 2S TYP 50 (130\/42\/45,7)"},"content":{"rendered":"<p>Tv-alusel on 2 sahtlit.<br \/>\nMaterjal: kvaliteetne ja vastupidav melamiinkattega laminaat + MDF.<br \/>\nKorpuse v\u00e4rv: norra tume m\u00e4nd.\u00a0Esipindade v\u00e4rv: valge k\u00f5rgl\u00e4ikega.<br \/>\nToodetud: Poolas.<br \/>\nToode tarnitakse detailidena.<\/p>\n","protected":false},"excerpt":{"rendered":"<p>Laius: 130 cm.<br \/>\nS\u00fcgavus: 42 cm.<br \/>\nK\u00f5rgus: 45,7 cm.<br \/>\nTarneaeg: 4-8 n\u00e4dalat.<\/p>\n","protected":false},"featured_media":3826,"template":"","meta":{"_acf_changed":false,"inline_featured_image":false},"series":[2830],"product_brand":[2939],"product_cat":[34],"product_tag":[],"class_list":{"0":"post-24754","1":"product","2":"type-product","3":"status-publish","4":"has-post-thumbnail","6":"series-sevilla","7":"product_brand-extom","8":"product_cat-tv-alused","10":"first","11":"instock","12":"taxable","13":"shipping-taxable","14":"purchasable","15":"product-type-simple"},"acf":[],"_links":{"self":[{"href":"https:\/\/mobecor.ee\/en\/wp-json\/wp\/v2\/product\/24754","targetHints":{"allow":["GET"]}}],"collection":[{"href":"https:\/\/mobecor.ee\/en\/wp-json\/wp\/v2\/product"}],"about":[{"href":"https:\/\/mobecor.ee\/en\/wp-json\/wp\/v2\/types\/product"}],"wp:featuredmedia":[{"embeddable":true,"href":"https:\/\/mobecor.ee\/en\/wp-json\/wp\/v2\/media\/3826"}],"wp:attachment":[{"href":"https:\/\/mobecor.ee\/en\/wp-json\/wp\/v2\/media?parent=24754"}],"wp:term":[{"taxonomy":"series","embeddable":true,"href":"https:\/\/mobecor.ee\/en\/wp-json\/wp\/v2\/series?post=24754"},{"taxonomy":"product_brand","embeddable":true,"href":"https:\/\/mobecor.ee\/en\/wp-json\/wp\/v2\/product_brand?post=24754"},{"taxonomy":"product_cat","embeddable":true,"href":"https:\/\/mobecor.ee\/en\/wp-json\/wp\/v2\/product_cat?post=24754"},{"taxonomy":"product_tag","embeddable":true,"href":"https:\/\/mobecor.ee\/en\/wp-json\/wp\/v2\/product_tag?post=24754"}],"curies":[{"name":"wp","href":"https:\/\/api.w.org\/{rel}","templated":true}]}}