{"id":24793,"date":"2025-05-06T07:56:37","date_gmt":"2025-05-06T07:56:37","guid":{"rendered":"https:\/\/mobecor.ee\/?post_type=product&#038;p=24793"},"modified":"2025-12-16T14:20:20","modified_gmt":"2025-12-16T12:20:20","slug":"soogilaud-andria","status":"publish","type":"product","link":"https:\/\/mobecor.ee\/en\/toode\/soogilaud-andria\/","title":{"rendered":"S\u00f6\u00f6gilaud Andria, valge (\u00d8106)"},"content":{"rendered":"<p><span style=\"font-size: 14px;\">S\u00f6\u00f6gilaud Andria jalad on t\u00e4ispuidust, v\u00e4rvus valge.<\/span><br \/>\n<span style=\"font-size: 14px;\">Lauaplaat MDF, v\u00e4rvus valge.<\/span><br \/>\n<span style=\"font-size: 14px;\">Lauaplaadi l\u00e4bim\u00f5\u00f5t: 106 cm.<\/span><br \/>\n<span style=\"font-size: 14px;\">K\u00f5rgus: 74 cm.<\/span><br \/>\n<span style=\"font-size: 14px;\">Tarneaeg: kuni 2 n\u00e4dalat.<\/span><br \/>\n<span style=\"font-size: 14px;\">Toode tarnitakse detailidena.<br \/>\nLaua juurde sobivad toolid <a href=\"https:\/\/mobecor.ee\/toode\/tool-monaco-valge\/\" target=\"_blank\" rel=\"noopener noreferrer\">MONACO<\/a>.<\/span><\/p>\n","protected":false},"excerpt":{"rendered":"<p>S\u00f6\u00f6gilaud Andria jalad on t\u00e4ispuidust, v\u00e4rvus valge. Lauaplaat MDF, v\u00e4rvus valge. Lauaplaadi l\u00e4bim\u00f5\u00f5t: 106 cm. K\u00f5rgus: 74 cm. Tarneaeg: kuni&#8230;<\/p>\n","protected":false},"featured_media":70306,"template":"","meta":{"_acf_changed":false,"inline_featured_image":false},"series":[],"product_brand":[2913],"product_cat":[219],"product_tag":[],"class_list":{"0":"post-24793","1":"product","2":"type-product","3":"status-publish","4":"has-post-thumbnail","6":"product_brand-grafio","7":"product_cat-soogilauad","9":"first","10":"instock","11":"sale","12":"taxable","13":"shipping-taxable","14":"purchasable","15":"product-type-simple"},"acf":[],"_links":{"self":[{"href":"https:\/\/mobecor.ee\/en\/wp-json\/wp\/v2\/product\/24793","targetHints":{"allow":["GET"]}}],"collection":[{"href":"https:\/\/mobecor.ee\/en\/wp-json\/wp\/v2\/product"}],"about":[{"href":"https:\/\/mobecor.ee\/en\/wp-json\/wp\/v2\/types\/product"}],"wp:featuredmedia":[{"embeddable":true,"href":"https:\/\/mobecor.ee\/en\/wp-json\/wp\/v2\/media\/70306"}],"wp:attachment":[{"href":"https:\/\/mobecor.ee\/en\/wp-json\/wp\/v2\/media?parent=24793"}],"wp:term":[{"taxonomy":"series","embeddable":true,"href":"https:\/\/mobecor.ee\/en\/wp-json\/wp\/v2\/series?post=24793"},{"taxonomy":"product_brand","embeddable":true,"href":"https:\/\/mobecor.ee\/en\/wp-json\/wp\/v2\/product_brand?post=24793"},{"taxonomy":"product_cat","embeddable":true,"href":"https:\/\/mobecor.ee\/en\/wp-json\/wp\/v2\/product_cat?post=24793"},{"taxonomy":"product_tag","embeddable":true,"href":"https:\/\/mobecor.ee\/en\/wp-json\/wp\/v2\/product_tag?post=24793"}],"curies":[{"name":"wp","href":"https:\/\/api.w.org\/{rel}","templated":true}]}}