{"id":24839,"date":"2025-05-06T08:01:37","date_gmt":"2025-05-06T08:01:37","guid":{"rendered":"https:\/\/mobecor.ee\/?post_type=product&#038;p=24839"},"modified":"2025-12-16T14:19:15","modified_gmt":"2025-12-16T12:19:15","slug":"tootool-virginia-hall","status":"publish","type":"product","link":"https:\/\/mobecor.ee\/en\/toode\/tootool-virginia-hall\/","title":{"rendered":"T\u00f6\u00f6tool Virginia"},"content":{"rendered":"<p><span style=\"font-size: 10pt;\">Toolil on peatugi.<br \/>\n<\/span><span style=\"font-size: 10pt;\">Iste ja seljatugi on kaetud halli, oran\u017ei v\u00f5i musta v\u00e4rvi v\u00f5rkkangaga.<br \/>\n<\/span><span style=\"font-size: 10pt;\">Jalarist mustast plastikust.<br \/>\n<\/span><span style=\"font-size: 10pt;\">Kiikmehhanism.<br \/>\n<\/span><span style=\"font-size: 10pt;\">Seljatoe k\u00f5rguse reguleerimine.<br \/>\n<\/span><span style=\"font-size: 10pt;\">K\u00e4etoe s\u00fcgavuse\/k\u00f5rguse reguleerimine.<br \/>\nKandev\u00f5ime: kuni 140 kg.<br \/>\nV\u00e4rvivalik: must; hall; oran\u017e.<br \/>\n<\/span><\/p>\n","protected":false},"excerpt":{"rendered":"<p><span style=\"font-size: 10pt;\">Laius: 69 cm.<br \/>\n<\/span><span style=\"font-size: 10pt;\">Iste: 49*59 cm.<br \/>\n<\/span><span style=\"font-size: 10pt;\">Seljatoe k\u00f5rgus: 72 cm.<br \/>\n<\/span><span style=\"font-size: 10pt;\">Jalaristi dm: 72 cm.<br \/>\n<\/span><span style=\"font-size: 10pt;\">Tarneaeg: kuni 4 n\u00e4dalat.<br \/>\nNB! Laos kohe olemas v\u00e4rviga: hall.<\/span><\/p>\n","protected":false},"featured_media":70604,"template":"","meta":{"_acf_changed":false,"inline_featured_image":false},"series":[],"product_brand":[2913],"product_cat":[95,2936],"product_tag":[],"class_list":{"0":"post-24839","1":"product","2":"type-product","3":"status-publish","4":"has-post-thumbnail","6":"product_brand-grafio","7":"product_cat-tootoolid","8":"product_cat-kontoritoolid-laos","10":"first","11":"instock","12":"sale","13":"taxable","14":"shipping-taxable","15":"purchasable","16":"product-type-variable"},"acf":[],"_links":{"self":[{"href":"https:\/\/mobecor.ee\/en\/wp-json\/wp\/v2\/product\/24839","targetHints":{"allow":["GET"]}}],"collection":[{"href":"https:\/\/mobecor.ee\/en\/wp-json\/wp\/v2\/product"}],"about":[{"href":"https:\/\/mobecor.ee\/en\/wp-json\/wp\/v2\/types\/product"}],"wp:featuredmedia":[{"embeddable":true,"href":"https:\/\/mobecor.ee\/en\/wp-json\/wp\/v2\/media\/70604"}],"wp:attachment":[{"href":"https:\/\/mobecor.ee\/en\/wp-json\/wp\/v2\/media?parent=24839"}],"wp:term":[{"taxonomy":"series","embeddable":true,"href":"https:\/\/mobecor.ee\/en\/wp-json\/wp\/v2\/series?post=24839"},{"taxonomy":"product_brand","embeddable":true,"href":"https:\/\/mobecor.ee\/en\/wp-json\/wp\/v2\/product_brand?post=24839"},{"taxonomy":"product_cat","embeddable":true,"href":"https:\/\/mobecor.ee\/en\/wp-json\/wp\/v2\/product_cat?post=24839"},{"taxonomy":"product_tag","embeddable":true,"href":"https:\/\/mobecor.ee\/en\/wp-json\/wp\/v2\/product_tag?post=24839"}],"curies":[{"name":"wp","href":"https:\/\/api.w.org\/{rel}","templated":true}]}}