{"id":24855,"date":"2025-05-06T08:03:35","date_gmt":"2025-05-06T08:03:35","guid":{"rendered":"https:\/\/mobecor.ee\/?post_type=product&#038;p=24855"},"modified":"2026-04-17T07:56:06","modified_gmt":"2026-04-17T04:56:06","slug":"nurgadiivanvoodi-rowena-2n-avatud","status":"publish","type":"product","link":"https:\/\/mobecor.ee\/en\/toode\/nurgadiivanvoodi-rowena-2n-avatud\/","title":{"rendered":"Nurgadiivanvoodi Rowena 2NA (240\/215\/280) kangas 0 gr."},"content":{"rendered":"<p>Karkass on valmistatud oksavabast kuivast kodumaisest okaspuidust, lisaks on kasutatud kasevineeri ja puitkiudplaati.<br \/>\nDiivani istumise osa ja k\u00e4etugede sisemise k\u00fclje katteks on kangas.<br \/>\nK\u00e4etugede v\u00e4lisk\u00fcljed, esipaneel ja tagasein on kaetud kangaga.<br \/>\nV\u00f5imalik valida, kas \u00fcmar- v\u00f5i kandiline k\u00e4etugi.<br \/>\nIstmes on kasutatud sik- sak vedrustust.<br \/>\nIstme sisuks on poroloon mis on kaetud pehme vatiiniga.<br \/>\nSeljatoe padjad on t\u00e4idetud porolooni seguga.<br \/>\nDiivani tagak\u00fclg on viimistletud, saab paigutada keset tuba.<br \/>\nJalad: plastikus. 2,5 cm.<span style=\"font-size: 10pt; line-height: 1.3em;\"><br \/>\n<\/span><\/p>\n","protected":false},"excerpt":{"rendered":"<p>Laius: 240 cm.<br \/>\nS\u00fcgavus: 215\/280 cm.<br \/>\nK\u00f5rgus: 72 cm.<br \/>\nMagamiskoht: 143 x 205 cm.<br \/>\nTarneaeg: 4-8 n\u00e4dalat.<br \/>\nSuuremat kangavalikut n\u00e4eb Mobecori m\u00f6\u00f6blipoes V\u00f5rus.<\/p>\n","protected":false},"featured_media":3646,"template":"","meta":{"_acf_changed":false,"inline_featured_image":false},"series":[],"product_brand":[3505],"product_cat":[213],"product_tag":[],"class_list":{"0":"post-24855","1":"product","2":"type-product","3":"status-publish","4":"has-post-thumbnail","6":"product_brand-empak","7":"product_cat-nurgadiivanid","9":"first","10":"instock","11":"taxable","12":"shipping-taxable","13":"purchasable","14":"product-type-simple"},"acf":[],"_links":{"self":[{"href":"https:\/\/mobecor.ee\/en\/wp-json\/wp\/v2\/product\/24855","targetHints":{"allow":["GET"]}}],"collection":[{"href":"https:\/\/mobecor.ee\/en\/wp-json\/wp\/v2\/product"}],"about":[{"href":"https:\/\/mobecor.ee\/en\/wp-json\/wp\/v2\/types\/product"}],"wp:featuredmedia":[{"embeddable":true,"href":"https:\/\/mobecor.ee\/en\/wp-json\/wp\/v2\/media\/3646"}],"wp:attachment":[{"href":"https:\/\/mobecor.ee\/en\/wp-json\/wp\/v2\/media?parent=24855"}],"wp:term":[{"taxonomy":"series","embeddable":true,"href":"https:\/\/mobecor.ee\/en\/wp-json\/wp\/v2\/series?post=24855"},{"taxonomy":"product_brand","embeddable":true,"href":"https:\/\/mobecor.ee\/en\/wp-json\/wp\/v2\/product_brand?post=24855"},{"taxonomy":"product_cat","embeddable":true,"href":"https:\/\/mobecor.ee\/en\/wp-json\/wp\/v2\/product_cat?post=24855"},{"taxonomy":"product_tag","embeddable":true,"href":"https:\/\/mobecor.ee\/en\/wp-json\/wp\/v2\/product_tag?post=24855"}],"curies":[{"name":"wp","href":"https:\/\/api.w.org\/{rel}","templated":true}]}}