{"id":24901,"date":"2025-05-06T08:07:42","date_gmt":"2025-05-06T08:07:42","guid":{"rendered":"https:\/\/mobecor.ee\/?post_type=product&#038;p=24901"},"modified":"2025-12-10T10:56:57","modified_gmt":"2025-12-10T08:56:57","slug":"porandakapp-eliza-ez14-d60","status":"publish","type":"product","link":"https:\/\/mobecor.ee\/en\/toode\/porandakapp-eliza-ez14-d60\/","title":{"rendered":"P\u00f5randakapp Eliza EZ14\/D60"},"content":{"rendered":"<p><span style=\"line-height: 1.3em; font-size: 10pt;\">Kapil on 2 ust. Komplekti kuulub t\u00f6\u00f6pind.<br \/>\n<\/span><span style=\"line-height: 1.3em; font-size: 10pt;\">Materjal: kvaliteetne ja vastupidav melamiinkattega laminaat.<br \/>\n<\/span><span style=\"line-height: 1.3em; font-size: 10pt;\">Korpuse v\u00e4rv: wenge.<br \/>\n<\/span><span style=\"line-height: 1.3em; font-size: 10pt;\">Esipindade v\u00e4rv: wenge\/rijeka hele; rijeka hele\/wenge.<br \/>\n<\/span><span style=\"line-height: 1.3em; font-size: 10pt;\">T\u00f6\u00f6pinna v\u00e4rv: rijeka hele.<br \/>\n<\/span><span style=\"line-height: 1.3em; font-size: 10pt;\">Toodetud: Poolas.<\/span><\/p>\n","protected":false},"excerpt":{"rendered":"<p><span style=\"line-height: 1.3em; font-size: 10pt;\">Laius: 60 cm.<br \/>\n<\/span><span style=\"line-height: 1.3em;\"><span style=\"font-size: 10pt;\">S\u00fcgavus: 45 cm\/koos t\u00f6\u00f6pinnaga 60 cm.<br \/>\n<\/span><\/span><span style=\"line-height: 1.3em;\"><span style=\"font-size: 10pt;\">K\u00f5rgus: 82 cm\/ koos t\u00f6\u00f6pinnaga 85 cm.<br \/>\n<\/span><\/span><span style=\"line-height: 1.3em; font-size: 10pt;\">Tarneaeg: 4-8 n\u00e4dalat.<\/span><\/p>\n","protected":false},"featured_media":3544,"template":"","meta":{"_acf_changed":false,"inline_featured_image":false},"series":[],"product_brand":[2945],"product_cat":[253],"product_tag":[],"class_list":{"0":"post-24901","1":"product","2":"type-product","3":"status-publish","4":"has-post-thumbnail","6":"product_brand-liveo","7":"product_cat-eliza-porandakapid","9":"first","10":"instock","11":"taxable","12":"shipping-taxable","13":"purchasable","14":"product-type-simple"},"acf":[],"_links":{"self":[{"href":"https:\/\/mobecor.ee\/en\/wp-json\/wp\/v2\/product\/24901","targetHints":{"allow":["GET"]}}],"collection":[{"href":"https:\/\/mobecor.ee\/en\/wp-json\/wp\/v2\/product"}],"about":[{"href":"https:\/\/mobecor.ee\/en\/wp-json\/wp\/v2\/types\/product"}],"wp:featuredmedia":[{"embeddable":true,"href":"https:\/\/mobecor.ee\/en\/wp-json\/wp\/v2\/media\/3544"}],"wp:attachment":[{"href":"https:\/\/mobecor.ee\/en\/wp-json\/wp\/v2\/media?parent=24901"}],"wp:term":[{"taxonomy":"series","embeddable":true,"href":"https:\/\/mobecor.ee\/en\/wp-json\/wp\/v2\/series?post=24901"},{"taxonomy":"product_brand","embeddable":true,"href":"https:\/\/mobecor.ee\/en\/wp-json\/wp\/v2\/product_brand?post=24901"},{"taxonomy":"product_cat","embeddable":true,"href":"https:\/\/mobecor.ee\/en\/wp-json\/wp\/v2\/product_cat?post=24901"},{"taxonomy":"product_tag","embeddable":true,"href":"https:\/\/mobecor.ee\/en\/wp-json\/wp\/v2\/product_tag?post=24901"}],"curies":[{"name":"wp","href":"https:\/\/api.w.org\/{rel}","templated":true}]}}