{"id":24939,"date":"2025-05-06T08:11:19","date_gmt":"2025-05-06T08:11:19","guid":{"rendered":"https:\/\/mobecor.ee\/?post_type=product&#038;p=24939"},"modified":"2026-04-17T07:55:36","modified_gmt":"2026-04-17T04:55:36","slug":"kiiktool-jaana","status":"publish","type":"product","link":"https:\/\/mobecor.ee\/en\/toode\/kiiktool-jaana\/","title":{"rendered":"Kiiktool Jaana (66\/106\/104) kangas 0 gr."},"content":{"rendered":"<p>Karkass on valmistatud oksavabast kuivast kodumaisest okaspuidust, lisaks on kasutatud kasevineeri ja puitkiudplaati.<br \/>\nKiiktooli on kaetud kangaga.<br \/>\nK\u00e4etoed ja jalad on naturaalsest kasepuidust.<br \/>\nIstmes on kasutatud sik- sak vedrustust.<br \/>\nIste ja seljatugi on oroloonist mis on kaetud pehme vatiiniga.<br \/>\nKiiktooli tagak\u00fclg on viimistletud, saab paigutada keset tuba.<br \/>\nK\u00e4etugede ja jalgade v\u00e4rv on valitav.<\/p>\n<p>&nbsp;<\/p>\n","protected":false},"excerpt":{"rendered":"<p>Laius: 66 cm.<br \/>\nS\u00fcgavus: 106 cm.<br \/>\nK\u00f5rgus: 104 cm.<br \/>\nTarneaeg: 4-8 n\u00e4dalat.<br \/>\nSuuremat kangavalikut n\u00e4eb Mobecori m\u00f6\u00f6blipoes V\u00f5rus.<\/p>\n","protected":false},"featured_media":3620,"template":"","meta":{"_acf_changed":false,"inline_featured_image":false},"series":[],"product_brand":[3505],"product_cat":[285],"product_tag":[],"class_list":{"0":"post-24939","1":"product","2":"type-product","3":"status-publish","4":"has-post-thumbnail","6":"product_brand-empak","7":"product_cat-tugitoolid","9":"first","10":"instock","11":"taxable","12":"shipping-taxable","13":"purchasable","14":"product-type-simple"},"acf":[],"_links":{"self":[{"href":"https:\/\/mobecor.ee\/en\/wp-json\/wp\/v2\/product\/24939","targetHints":{"allow":["GET"]}}],"collection":[{"href":"https:\/\/mobecor.ee\/en\/wp-json\/wp\/v2\/product"}],"about":[{"href":"https:\/\/mobecor.ee\/en\/wp-json\/wp\/v2\/types\/product"}],"wp:featuredmedia":[{"embeddable":true,"href":"https:\/\/mobecor.ee\/en\/wp-json\/wp\/v2\/media\/3620"}],"wp:attachment":[{"href":"https:\/\/mobecor.ee\/en\/wp-json\/wp\/v2\/media?parent=24939"}],"wp:term":[{"taxonomy":"series","embeddable":true,"href":"https:\/\/mobecor.ee\/en\/wp-json\/wp\/v2\/series?post=24939"},{"taxonomy":"product_brand","embeddable":true,"href":"https:\/\/mobecor.ee\/en\/wp-json\/wp\/v2\/product_brand?post=24939"},{"taxonomy":"product_cat","embeddable":true,"href":"https:\/\/mobecor.ee\/en\/wp-json\/wp\/v2\/product_cat?post=24939"},{"taxonomy":"product_tag","embeddable":true,"href":"https:\/\/mobecor.ee\/en\/wp-json\/wp\/v2\/product_tag?post=24939"}],"curies":[{"name":"wp","href":"https:\/\/api.w.org\/{rel}","templated":true}]}}