{"id":24940,"date":"2025-05-06T08:11:23","date_gmt":"2025-05-06T08:11:23","guid":{"rendered":"https:\/\/mobecor.ee\/?post_type=product&#038;p=24940"},"modified":"2026-04-21T10:27:05","modified_gmt":"2026-04-21T07:27:05","slug":"tugitool-ilona","status":"publish","type":"product","link":"https:\/\/mobecor.ee\/en\/toode\/tugitool-ilona\/","title":{"rendered":"Tugitool Ilona (82\/70\/83) kangas 0 gr."},"content":{"rendered":"<p>Karkass on valmistatud oksavabast kuivast kodumaisest okaspuidust, lisaks on kasutatud kasevineeri ja puitkiudplaati.<br \/>\nTugitooli katteks on kangas v\u00f5i kunstnahk.<br \/>\nIstme p\u00f5hjas on kasutatud elastrong v\u00f6\u00f6d.<br \/>\nIste ja seljatugi on poroloonist mis on kaetud pehme vatiiniga.<br \/>\nTooli tagak\u00fclg on viimistletud, saab paigutada keset tuba.<br \/>\nDiivani jalgade v\u00e4rv on valitav.<span style=\"font-size: 12.1599998474121px; line-height: 1.3em;\"><span style=\"font-size: 10pt;\"><br \/>\n<\/span><\/span><\/p>\n","protected":false},"excerpt":{"rendered":"<p>Laius: 82 cm.<br \/>\nS\u00fcgavus: 70 cm.<br \/>\nK\u00f5rgus: 83 cm.<br \/>\nTarneaeg: 4-8 n\u00e4dalat.<br \/>\nSuuremat kangavalikut n\u00e4eb Mobecori m\u00f6\u00f6blipoes V\u00f5rus.<\/p>\n","protected":false},"featured_media":3622,"template":"","meta":{"_acf_changed":false,"inline_featured_image":false},"series":[],"product_brand":[3505],"product_cat":[285],"product_tag":[],"class_list":{"0":"post-24940","1":"product","2":"type-product","3":"status-publish","4":"has-post-thumbnail","6":"product_brand-empak","7":"product_cat-tugitoolid","9":"first","10":"instock","11":"taxable","12":"shipping-taxable","13":"purchasable","14":"product-type-simple"},"acf":[],"_links":{"self":[{"href":"https:\/\/mobecor.ee\/en\/wp-json\/wp\/v2\/product\/24940","targetHints":{"allow":["GET"]}}],"collection":[{"href":"https:\/\/mobecor.ee\/en\/wp-json\/wp\/v2\/product"}],"about":[{"href":"https:\/\/mobecor.ee\/en\/wp-json\/wp\/v2\/types\/product"}],"wp:featuredmedia":[{"embeddable":true,"href":"https:\/\/mobecor.ee\/en\/wp-json\/wp\/v2\/media\/3622"}],"wp:attachment":[{"href":"https:\/\/mobecor.ee\/en\/wp-json\/wp\/v2\/media?parent=24940"}],"wp:term":[{"taxonomy":"series","embeddable":true,"href":"https:\/\/mobecor.ee\/en\/wp-json\/wp\/v2\/series?post=24940"},{"taxonomy":"product_brand","embeddable":true,"href":"https:\/\/mobecor.ee\/en\/wp-json\/wp\/v2\/product_brand?post=24940"},{"taxonomy":"product_cat","embeddable":true,"href":"https:\/\/mobecor.ee\/en\/wp-json\/wp\/v2\/product_cat?post=24940"},{"taxonomy":"product_tag","embeddable":true,"href":"https:\/\/mobecor.ee\/en\/wp-json\/wp\/v2\/product_tag?post=24940"}],"curies":[{"name":"wp","href":"https:\/\/api.w.org\/{rel}","templated":true}]}}