{"id":24986,"date":"2025-05-06T08:15:55","date_gmt":"2025-05-06T08:15:55","guid":{"rendered":"https:\/\/mobecor.ee\/?post_type=product&#038;p=24986"},"modified":"2026-02-13T10:18:49","modified_gmt":"2026-02-13T08:18:49","slug":"koogikomplekt-eliza-220","status":"publish","type":"product","link":"https:\/\/mobecor.ee\/en\/toode\/koogikomplekt-eliza-220\/","title":{"rendered":"K\u00f6\u00f6gikomplekt Eliza 220"},"content":{"rendered":"<p><span style=\"font-size: 10pt;\">Komplekti kuulub:<br \/>\n<\/span><span style=\"font-size: 10pt;\">\u00a0 \u00a0* vitriinkapp 2 uksega EZ6\/G80 (80 cm);<br \/>\n<\/span><span style=\"line-height: 1.3em; font-size: 10pt;\">\u00a0 \u00a0* seinakapp 1 uksega pliidi kohale EZ9\/G60O (60 cm);<br \/>\n<\/span><span style=\"line-height: 1.3em; font-size: 10pt;\">\u00a0 \u00a0* seinakapp 1 uksega EZ1\/G40 (40 cm) 2 tk;<br \/>\n<\/span><span style=\"font-size: 10pt;\">\u00a0 \u00a0* valamukapp 2 uksega EZ17\/D80Z (80 cm);<br \/>\n<\/span><span style=\"font-size: 10pt;\">\u00a0 \u00a0* p\u00f5randakapp 1 ukse- ja 1 sahtliga EZ11\/D40S1 (40 cm) 2 tk;<br \/>\n<\/span><span style=\"line-height: 1.3em; font-size: 10pt;\">\u00a0 \u00a0* t\u00f6\u00f6pind 40 cm (28 mm) 2 tk.<br \/>\n<\/span><span style=\"font-size: 10pt;\">P\u00f5randakappide k\u00f5rgus ilma t\u00f6\u00f6pinnata 82 cm\/koos t\u00f6\u00f6pinnaga 85 cm; s\u00fcgavus ilma t\u00f6\u00f6pinnata 45 cm\/koos t\u00f6\u00f6pinnaga 60 cm.<\/span><br \/>\n<span style=\"font-size: 10pt;\">Seinakappide k\u00f5rgus on 29,5 ja 57,5 cm, s\u00fcgavus 29,5 cm.<\/span><br \/>\n<span style=\"font-size: 10pt;\">Valamu ja tehnika ei kuulu komplekti.<\/span><br \/>\n<span style=\"font-size: 10pt;\">Materjal: kvaliteetne ja vastupidav melamiinkattega laminaat.<\/span><br \/>\n<span style=\"font-size: 10pt;\">Korpuse v\u00e4rv: wenge.<\/span><br \/>\n<span style=\"font-size: 10pt;\">Esipindade v\u00e4rvid:<br \/>\n<\/span><span style=\"font-size: 10pt;\">\u00a0 \u00a0* seinakapid &#8211; rijeka hele; p\u00f5randakapid &#8211; wenge\/rijeka hele;<br \/>\n<\/span><span style=\"font-size: 10pt;\">\u00a0 \u00a0* seinakapid &#8211; rijeka hele; p\u00f5randakapid &#8211; rijeka hele\/wenge.<br \/>\n<\/span><span style=\"font-size: 10pt;\">Tarneaeg: 4-8 n\u00e4dalat.<\/span><br \/>\n<span style=\"font-size: 10pt;\">Toodetud: Poolas.<\/span><\/p>\n","protected":false},"excerpt":{"rendered":"<p>Komplekti kuulub: \u00a0 \u00a0* vitriinkapp 2 uksega EZ6\/G80 (80 cm); \u00a0 \u00a0* seinakapp 1 uksega pliidi kohale EZ9\/G60O (60 cm);&#8230;<\/p>\n","protected":false},"featured_media":3514,"template":"","meta":{"_acf_changed":false,"inline_featured_image":false},"series":[],"product_brand":[2945],"product_cat":[196,2903],"product_tag":[],"class_list":{"0":"post-24986","1":"product","2":"type-product","3":"status-publish","4":"has-post-thumbnail","6":"product_brand-liveo","7":"product_cat-koogikomplektid","8":"product_cat-eliza-komplektid","10":"first","11":"instock","12":"taxable","13":"shipping-taxable","14":"purchasable","15":"product-type-simple"},"acf":[],"_links":{"self":[{"href":"https:\/\/mobecor.ee\/en\/wp-json\/wp\/v2\/product\/24986","targetHints":{"allow":["GET"]}}],"collection":[{"href":"https:\/\/mobecor.ee\/en\/wp-json\/wp\/v2\/product"}],"about":[{"href":"https:\/\/mobecor.ee\/en\/wp-json\/wp\/v2\/types\/product"}],"wp:featuredmedia":[{"embeddable":true,"href":"https:\/\/mobecor.ee\/en\/wp-json\/wp\/v2\/media\/3514"}],"wp:attachment":[{"href":"https:\/\/mobecor.ee\/en\/wp-json\/wp\/v2\/media?parent=24986"}],"wp:term":[{"taxonomy":"series","embeddable":true,"href":"https:\/\/mobecor.ee\/en\/wp-json\/wp\/v2\/series?post=24986"},{"taxonomy":"product_brand","embeddable":true,"href":"https:\/\/mobecor.ee\/en\/wp-json\/wp\/v2\/product_brand?post=24986"},{"taxonomy":"product_cat","embeddable":true,"href":"https:\/\/mobecor.ee\/en\/wp-json\/wp\/v2\/product_cat?post=24986"},{"taxonomy":"product_tag","embeddable":true,"href":"https:\/\/mobecor.ee\/en\/wp-json\/wp\/v2\/product_tag?post=24986"}],"curies":[{"name":"wp","href":"https:\/\/api.w.org\/{rel}","templated":true}]}}