{"id":25028,"date":"2025-05-06T08:20:03","date_gmt":"2025-05-06T08:20:03","guid":{"rendered":"https:\/\/mobecor.ee\/?post_type=product&#038;p=25028"},"modified":"2026-01-20T13:16:58","modified_gmt":"2026-01-20T11:16:58","slug":"voodi-lionel-li-12-160","status":"publish","type":"product","link":"https:\/\/mobecor.ee\/en\/toode\/voodi-lionel-li-12-160\/","title":{"rendered":"Voodi Lionel LI 12\/160"},"content":{"rendered":"<p>Voodile sobib madrats m\u00f5\u00f5tudes 160 x 200 cm.<br \/>\nMadrats\u00a0 ei kuulu komplekti.<br \/>\nV\u00f5imalik juurde osta voodiga sobivad, seinale kinnitatavad \u00f6\u00f6kapid.<br \/>\nMaterjal: kvaliteetne ja vastupidav laminaat + MDF + PVC.<br \/>\nV\u00e4rv: tamm tr\u00fchvel\/valge k\u00f5rgl\u00e4ikega.<br \/>\nToodetud: Poolas.<br \/>\nToode tarnitakse detailidena.<\/p>\n","protected":false},"excerpt":{"rendered":"<p>Laius: 166 cm.<br \/>\nS\u00fcgavus: 206 cm.<br \/>\nK\u00f5rgus: 94 cm.<br \/>\nTarneaeg: 4-8 n\u00e4dalat.<\/p>\n","protected":false},"featured_media":3400,"template":"","meta":{"_acf_changed":false,"inline_featured_image":false},"series":[2774],"product_brand":[2945],"product_cat":[4016],"product_tag":[],"class_list":{"0":"post-25028","1":"product","2":"type-product","3":"status-publish","4":"has-post-thumbnail","6":"series-lionel","7":"product_brand-liveo","8":"product_cat-voodid-160-x-200","10":"first","11":"instock","12":"taxable","13":"shipping-taxable","14":"purchasable","15":"product-type-variable"},"acf":[],"_links":{"self":[{"href":"https:\/\/mobecor.ee\/en\/wp-json\/wp\/v2\/product\/25028","targetHints":{"allow":["GET"]}}],"collection":[{"href":"https:\/\/mobecor.ee\/en\/wp-json\/wp\/v2\/product"}],"about":[{"href":"https:\/\/mobecor.ee\/en\/wp-json\/wp\/v2\/types\/product"}],"wp:featuredmedia":[{"embeddable":true,"href":"https:\/\/mobecor.ee\/en\/wp-json\/wp\/v2\/media\/3400"}],"wp:attachment":[{"href":"https:\/\/mobecor.ee\/en\/wp-json\/wp\/v2\/media?parent=25028"}],"wp:term":[{"taxonomy":"series","embeddable":true,"href":"https:\/\/mobecor.ee\/en\/wp-json\/wp\/v2\/series?post=25028"},{"taxonomy":"product_brand","embeddable":true,"href":"https:\/\/mobecor.ee\/en\/wp-json\/wp\/v2\/product_brand?post=25028"},{"taxonomy":"product_cat","embeddable":true,"href":"https:\/\/mobecor.ee\/en\/wp-json\/wp\/v2\/product_cat?post=25028"},{"taxonomy":"product_tag","embeddable":true,"href":"https:\/\/mobecor.ee\/en\/wp-json\/wp\/v2\/product_tag?post=25028"}],"curies":[{"name":"wp","href":"https:\/\/api.w.org\/{rel}","templated":true}]}}