{"id":25049,"date":"2025-05-06T08:22:24","date_gmt":"2025-05-06T08:22:24","guid":{"rendered":"https:\/\/mobecor.ee\/?post_type=product&#038;p=25049"},"modified":"2026-02-16T17:13:32","modified_gmt":"2026-02-16T15:13:32","slug":"kapp-amazon-typ-10","status":"publish","type":"product","link":"https:\/\/mobecor.ee\/en\/toode\/kapp-amazon-typ-10\/","title":{"rendered":"Kapp Amazon TYP 10 + 2 k\u00e4epidet"},"content":{"rendered":"<p>Kapil on 2 ust.<br \/>\nMaterjal: kvaliteetne ja vastupidav melamiinkattega laminaat.<br \/>\nV\u00e4rv: tamm San Remo\/valge.<br \/>\nK\u00e4epidemete v\u00e4rvivalik: lilla; oran\u017e; laim.<br \/>\nToodetud: Poolas.<br \/>\nToode tarnitakse detailidena.<span style=\"font-size: 10pt;\"><span style=\"line-height: 1.3em;\"><br \/>\n<\/span><br \/>\n<\/span><\/p>\n","protected":false},"excerpt":{"rendered":"<p>Laius: 48 cm.<br \/>\nK\u00f5rgus: 191,8 cm.<br \/>\nS\u00fcgavus: 40,2 cm.<br \/>\nTarneaeg: 4-8 n\u00e4dalat.<\/p>\n","protected":false},"featured_media":74961,"template":"","meta":{"_acf_changed":false,"inline_featured_image":false},"series":[],"product_brand":[2939],"product_cat":[309],"product_tag":[],"class_list":{"0":"post-25049","1":"product","2":"type-product","3":"status-publish","4":"has-post-thumbnail","6":"product_brand-extom","7":"product_cat-lastetuba-amazon","9":"first","10":"instock","11":"taxable","12":"shipping-taxable","13":"purchasable","14":"product-type-variable"},"acf":[],"_links":{"self":[{"href":"https:\/\/mobecor.ee\/en\/wp-json\/wp\/v2\/product\/25049","targetHints":{"allow":["GET"]}}],"collection":[{"href":"https:\/\/mobecor.ee\/en\/wp-json\/wp\/v2\/product"}],"about":[{"href":"https:\/\/mobecor.ee\/en\/wp-json\/wp\/v2\/types\/product"}],"wp:featuredmedia":[{"embeddable":true,"href":"https:\/\/mobecor.ee\/en\/wp-json\/wp\/v2\/media\/74961"}],"wp:attachment":[{"href":"https:\/\/mobecor.ee\/en\/wp-json\/wp\/v2\/media?parent=25049"}],"wp:term":[{"taxonomy":"series","embeddable":true,"href":"https:\/\/mobecor.ee\/en\/wp-json\/wp\/v2\/series?post=25049"},{"taxonomy":"product_brand","embeddable":true,"href":"https:\/\/mobecor.ee\/en\/wp-json\/wp\/v2\/product_brand?post=25049"},{"taxonomy":"product_cat","embeddable":true,"href":"https:\/\/mobecor.ee\/en\/wp-json\/wp\/v2\/product_cat?post=25049"},{"taxonomy":"product_tag","embeddable":true,"href":"https:\/\/mobecor.ee\/en\/wp-json\/wp\/v2\/product_tag?post=25049"}],"curies":[{"name":"wp","href":"https:\/\/api.w.org\/{rel}","templated":true}]}}