{"id":25076,"date":"2025-05-06T08:24:55","date_gmt":"2025-05-06T08:24:55","guid":{"rendered":"https:\/\/mobecor.ee\/?post_type=product&#038;p=25076"},"modified":"2025-12-16T15:14:17","modified_gmt":"2025-12-16T13:14:17","slug":"tool-loreta","status":"publish","type":"product","link":"https:\/\/mobecor.ee\/en\/toode\/tool-loreta\/","title":{"rendered":"Tool Loreta, hele wenge"},"content":{"rendered":"<p><span style=\"font-size: 14px;\">Tool on valmistatud t\u00e4ispuidust.<br \/>\n<\/span><span style=\"line-height: 1.3em; font-size: 14px;\">V\u00e4rv: hele wenge.<br \/>\n<\/span><span style=\"line-height: 1.3em; font-size: 14px;\">K\u00f5rgus: 45\/85 cm.<br \/>\n<\/span><span style=\"line-height: 1.3em; font-size: 14px;\">Laius: 40 cm.<br \/>\n<\/span><span style=\"line-height: 1.3em; font-size: 14px;\">S\u00fcgavus: 44 cm.<br \/>\n<\/span><span style=\"line-height: 1.3em; font-size: 14px;\">Tarneaeg: kuni 4 n\u00e4dalat.<\/span><\/p>\n","protected":false},"excerpt":{"rendered":"<p>Tool on valmistatud t\u00e4ispuidust. V\u00e4rv: hele wenge. K\u00f5rgus: 45\/85 cm. Laius: 40 cm. S\u00fcgavus: 44 cm. Tarneaeg: kuni 4 n\u00e4dalat.<\/p>\n","protected":false},"featured_media":3302,"template":"","meta":{"_acf_changed":false,"inline_featured_image":false},"series":[],"product_brand":[2913],"product_cat":[51],"product_tag":[],"class_list":{"0":"post-25076","1":"product","2":"type-product","3":"status-publish","4":"has-post-thumbnail","6":"product_brand-grafio","7":"product_cat-toolid","9":"first","10":"instock","11":"sale","12":"taxable","13":"shipping-taxable","14":"purchasable","15":"product-type-simple"},"acf":[],"_links":{"self":[{"href":"https:\/\/mobecor.ee\/en\/wp-json\/wp\/v2\/product\/25076","targetHints":{"allow":["GET"]}}],"collection":[{"href":"https:\/\/mobecor.ee\/en\/wp-json\/wp\/v2\/product"}],"about":[{"href":"https:\/\/mobecor.ee\/en\/wp-json\/wp\/v2\/types\/product"}],"wp:featuredmedia":[{"embeddable":true,"href":"https:\/\/mobecor.ee\/en\/wp-json\/wp\/v2\/media\/3302"}],"wp:attachment":[{"href":"https:\/\/mobecor.ee\/en\/wp-json\/wp\/v2\/media?parent=25076"}],"wp:term":[{"taxonomy":"series","embeddable":true,"href":"https:\/\/mobecor.ee\/en\/wp-json\/wp\/v2\/series?post=25076"},{"taxonomy":"product_brand","embeddable":true,"href":"https:\/\/mobecor.ee\/en\/wp-json\/wp\/v2\/product_brand?post=25076"},{"taxonomy":"product_cat","embeddable":true,"href":"https:\/\/mobecor.ee\/en\/wp-json\/wp\/v2\/product_cat?post=25076"},{"taxonomy":"product_tag","embeddable":true,"href":"https:\/\/mobecor.ee\/en\/wp-json\/wp\/v2\/product_tag?post=25076"}],"curies":[{"name":"wp","href":"https:\/\/api.w.org\/{rel}","templated":true}]}}