{"id":25386,"date":"2025-05-06T08:46:14","date_gmt":"2025-05-06T08:46:14","guid":{"rendered":"https:\/\/mobecor.ee\/?post_type=product&#038;p=25386"},"modified":"2026-03-27T09:16:33","modified_gmt":"2026-03-27T07:16:33","slug":"vedrumadrats-alfa-pocket-standard-kangaga","status":"publish","type":"product","link":"https:\/\/mobecor.ee\/en\/toode\/vedrumadrats-alfa-pocket-standard-kangaga\/","title":{"rendered":"Vedrumadrats Alfa Pocket"},"content":{"rendered":"<p>Keskmiselt pehme pocket-vedrustusega madrats, mille puhul on k\u00f5ik vedrud pakitud eraldi riidest kottidesse (vedru l\u00e4bim\u00f5\u00f5t: 1,8 mm).<br \/>\nPocket vedrus\u00fcsteem v\u00f5tab kuju inimese keha j\u00e4rgi, keharaskus jaotub \u00fchtlaselt madratsile ja iga vedru t\u00f6\u00f6tab individuaalselt nii, et keha saab just \u00f5igetest ja vajalikest kohtadest tuge, mis toob esile madratsi ortopeedilised omadused.<br \/>\nVedruploki m\u00f5lemad k\u00fcljed on kaetud pol\u00fcuretaanvahuga (m\u00f6\u00f6bli poroloon), mis on kergesti hooldatav h\u00fcpoallergeenne materjal, mida kasutatakse k\u00f5ige sagedamini voodis\u00fcsteemide p\u00f5himaterjalina.<br \/>\nSisu:<br \/>\n* poroloon 2 cm,<br \/>\n* pocket vedrud,<br \/>\n* poroloon 2 cm.<br \/>\nToodetud: L\u00e4tis.<\/p>\n","protected":false},"excerpt":{"rendered":"<p>K\u00f5rgus: 19 cm.<br \/>\nS\u00fcgavus: 200 cm.<br \/>\nLaiused: 80; 90; 120; 140; 160; 180 cm.<br \/>\n<strong>Tarneaeg: laos kohe olemas.<\/strong><\/p>\n","protected":false},"featured_media":2594,"template":"","meta":{"_acf_changed":false,"inline_featured_image":false},"series":[],"product_brand":[2858],"product_cat":[2934,337],"product_tag":[],"class_list":{"0":"post-25386","1":"product","2":"type-product","3":"status-publish","4":"has-post-thumbnail","6":"product_brand-sendeko","7":"product_cat-voodid-ja-madratsid-laos","8":"product_cat-sendeko-vedrumadratsid","10":"first","11":"instock","12":"taxable","13":"shipping-taxable","14":"purchasable","15":"product-type-variable"},"acf":[],"_links":{"self":[{"href":"https:\/\/mobecor.ee\/en\/wp-json\/wp\/v2\/product\/25386","targetHints":{"allow":["GET"]}}],"collection":[{"href":"https:\/\/mobecor.ee\/en\/wp-json\/wp\/v2\/product"}],"about":[{"href":"https:\/\/mobecor.ee\/en\/wp-json\/wp\/v2\/types\/product"}],"wp:featuredmedia":[{"embeddable":true,"href":"https:\/\/mobecor.ee\/en\/wp-json\/wp\/v2\/media\/2594"}],"wp:attachment":[{"href":"https:\/\/mobecor.ee\/en\/wp-json\/wp\/v2\/media?parent=25386"}],"wp:term":[{"taxonomy":"series","embeddable":true,"href":"https:\/\/mobecor.ee\/en\/wp-json\/wp\/v2\/series?post=25386"},{"taxonomy":"product_brand","embeddable":true,"href":"https:\/\/mobecor.ee\/en\/wp-json\/wp\/v2\/product_brand?post=25386"},{"taxonomy":"product_cat","embeddable":true,"href":"https:\/\/mobecor.ee\/en\/wp-json\/wp\/v2\/product_cat?post=25386"},{"taxonomy":"product_tag","embeddable":true,"href":"https:\/\/mobecor.ee\/en\/wp-json\/wp\/v2\/product_tag?post=25386"}],"curies":[{"name":"wp","href":"https:\/\/api.w.org\/{rel}","templated":true}]}}