{"id":25388,"date":"2025-05-06T08:46:21","date_gmt":"2025-05-06T08:46:21","guid":{"rendered":"https:\/\/mobecor.ee\/?post_type=product&#038;p=25388"},"modified":"2026-03-12T12:09:56","modified_gmt":"2026-03-12T10:09:56","slug":"vedrumadrats-eko-lux-pocket-standard-kangaga","status":"publish","type":"product","link":"https:\/\/mobecor.ee\/en\/toode\/vedrumadrats-eko-lux-pocket-standard-kangaga\/","title":{"rendered":"Vedrumadrats Eko Lux Pocket"},"content":{"rendered":"<p>Erineva tugevusega k\u00fclgedega madrats.<br \/>\nMadrats on Pocket-vedrustusega, mille puhul on k\u00f5ik vedrud pakitud eraldi riidest kottidesse. Selline vedrus\u00fcsteem v\u00f5tab inimese keha j\u00e4rgi kuju, keharaskus jaotub \u00fchtlaselt madratsile ja iga vedru t\u00f6\u00f6tab individuaalselt nii, et keha saab just \u00f5igetest ja vajalikest kohtadest tuge, mis toob esile madratsi ortopeedilised omadused.<br \/>\nMadrats on suvi\/talv efektiga &#8211; villaga pool talvel kasutamiseks ja puuvillaga pool suvel kasutamiseks.<br \/>\nMadratsi \u00fcks\u00a0k\u00fclg on pehmem t\u00e4nu 3 cm naturaalsele lateksikihile.<br \/>\nLateks on naturaalne kulumiskindel materjal, mis on vastupidav, elastne, laseb \u00f5hku l\u00e4bi ning millel on k\u00f5rged ortopeedilised ja antiallergilised omadused.<br \/>\nTeisel k\u00fcljel on seevastu naturaalne kookoskiu kiht, mis muudab madratsi selle k\u00fclje tunduvalt tugevamaks.<br \/>\nKookoskiud on puhtalt loodusliku p\u00e4ritoluga materjal, millel on k\u00f5rged ortopeedilised omadused, erakordne \u00f5hu l\u00e4bilaskvus, mis takistab niiskuse kogunemist madratsi sees ning tolmulestade levimist.<br \/>\nSisu:<br \/>\n* vill,<br \/>\n* kookoskiud 2 cm,<br \/>\n* pocket vedrustus,<br \/>\n* lateks 3 cm,<br \/>\n* puuvill.<br \/>\nToodetud: L\u00e4tis.<\/p>\n","protected":false},"excerpt":{"rendered":"<p>K\u00f5rgus: 20 cm.<br \/>\nS\u00fcgavus: 200 cm.<br \/>\nLaiused: 80; 90; 120; 140; 160; 180 cm.<br \/>\nTarneaeg: kuni 4 n\u00e4dalat.<\/p>\n","protected":false},"featured_media":2598,"template":"","meta":{"_acf_changed":false,"inline_featured_image":false},"series":[],"product_brand":[2858],"product_cat":[337],"product_tag":[],"class_list":{"0":"post-25388","1":"product","2":"type-product","3":"status-publish","4":"has-post-thumbnail","6":"product_brand-sendeko","7":"product_cat-sendeko-vedrumadratsid","9":"first","10":"instock","11":"taxable","12":"shipping-taxable","13":"purchasable","14":"product-type-variable"},"acf":[],"_links":{"self":[{"href":"https:\/\/mobecor.ee\/en\/wp-json\/wp\/v2\/product\/25388","targetHints":{"allow":["GET"]}}],"collection":[{"href":"https:\/\/mobecor.ee\/en\/wp-json\/wp\/v2\/product"}],"about":[{"href":"https:\/\/mobecor.ee\/en\/wp-json\/wp\/v2\/types\/product"}],"wp:featuredmedia":[{"embeddable":true,"href":"https:\/\/mobecor.ee\/en\/wp-json\/wp\/v2\/media\/2598"}],"wp:attachment":[{"href":"https:\/\/mobecor.ee\/en\/wp-json\/wp\/v2\/media?parent=25388"}],"wp:term":[{"taxonomy":"series","embeddable":true,"href":"https:\/\/mobecor.ee\/en\/wp-json\/wp\/v2\/series?post=25388"},{"taxonomy":"product_brand","embeddable":true,"href":"https:\/\/mobecor.ee\/en\/wp-json\/wp\/v2\/product_brand?post=25388"},{"taxonomy":"product_cat","embeddable":true,"href":"https:\/\/mobecor.ee\/en\/wp-json\/wp\/v2\/product_cat?post=25388"},{"taxonomy":"product_tag","embeddable":true,"href":"https:\/\/mobecor.ee\/en\/wp-json\/wp\/v2\/product_tag?post=25388"}],"curies":[{"name":"wp","href":"https:\/\/api.w.org\/{rel}","templated":true}]}}