{"id":25390,"date":"2025-05-06T08:46:28","date_gmt":"2025-05-06T08:46:28","guid":{"rendered":"https:\/\/mobecor.ee\/?post_type=product&#038;p=25390"},"modified":"2026-03-12T12:09:43","modified_gmt":"2026-03-12T10:09:43","slug":"bio-pluss-standasd-kangaga","status":"publish","type":"product","link":"https:\/\/mobecor.ee\/en\/toode\/bio-pluss-standasd-kangaga\/","title":{"rendered":"Bio Pluss"},"content":{"rendered":"<p>Suurep\u00e4rane ortopeediliste omadustega vedrudeta madrats.<br \/>\nVahelduva j\u00e4ikusega madrats, mis on tehtud 14 cm k\u00f5rgkvaliteetse porolooni HR baasil.<br \/>\n\u00dchel pool on pehme naturaalsest lateksist kiht, teisel pool on kookosp\u00e4hkli kiududest valmistatud j\u00e4igem kiht.<br \/>\nMadratsi t\u00e4idismaterjal: HR poroloon on kaasaegne s\u00fcnteetiline materjal, millel on naturaalse lateksi elastsed omadused, mis aga ei takista\u00a0<span id=\"q0uocj7_1\"><\/span>olemast piisavalt j\u00e4ik.<br \/>\nMaterjal laseb \u00f5hku l\u00e4bi ega vaju \u00e4ra, on kulumiskindel ning suure vastupidavusega.<br \/>\nLateks on naturaalne kulumiskindel materjal, mis on vastupidav, elastne, laseb \u00f5hku l\u00e4bi ning millel on k\u00f5rged ortopeedilised ja antiallergilised omadused.<br \/>\nKookoskiud on puhtalt loodusliku p\u00e4ritoluga materjal, millel on k\u00f5rged ortopeedilised omadused, erakordne \u00f5hu l\u00e4bilaskvus, mis takistab niiskuse kogunemist madratsi sees ning tolmulestade levimist.<br \/>\nSisu:<br \/>\n* puuvillane vatiin,<br \/>\n* kookoskiud,<br \/>\n* HR poroloon (PPU 3035),<br \/>\n* lateks.<br \/>\nToodetud: L\u00e4tis.<\/p>\n<p>&nbsp;<\/p>\n","protected":false},"excerpt":{"rendered":"<p>K\u00f5rgus: 19 cm.<br \/>\nS\u00fcgavus: 200 cm.<br \/>\nLaiused: 80; 90; 120; 140; 160; 180 cm.<br \/>\nTarneaeg: kuni 4 n\u00e4dalat.<\/p>\n","protected":false},"featured_media":2602,"template":"","meta":{"_acf_changed":false,"inline_featured_image":false},"series":[],"product_brand":[2858],"product_cat":[296],"product_tag":[],"class_list":{"0":"post-25390","1":"product","2":"type-product","3":"status-publish","4":"has-post-thumbnail","6":"product_brand-sendeko","7":"product_cat-sendeko-vedruta-madratsid","9":"first","10":"instock","11":"taxable","12":"shipping-taxable","13":"purchasable","14":"product-type-variable"},"acf":[],"_links":{"self":[{"href":"https:\/\/mobecor.ee\/en\/wp-json\/wp\/v2\/product\/25390","targetHints":{"allow":["GET"]}}],"collection":[{"href":"https:\/\/mobecor.ee\/en\/wp-json\/wp\/v2\/product"}],"about":[{"href":"https:\/\/mobecor.ee\/en\/wp-json\/wp\/v2\/types\/product"}],"wp:featuredmedia":[{"embeddable":true,"href":"https:\/\/mobecor.ee\/en\/wp-json\/wp\/v2\/media\/2602"}],"wp:attachment":[{"href":"https:\/\/mobecor.ee\/en\/wp-json\/wp\/v2\/media?parent=25390"}],"wp:term":[{"taxonomy":"series","embeddable":true,"href":"https:\/\/mobecor.ee\/en\/wp-json\/wp\/v2\/series?post=25390"},{"taxonomy":"product_brand","embeddable":true,"href":"https:\/\/mobecor.ee\/en\/wp-json\/wp\/v2\/product_brand?post=25390"},{"taxonomy":"product_cat","embeddable":true,"href":"https:\/\/mobecor.ee\/en\/wp-json\/wp\/v2\/product_cat?post=25390"},{"taxonomy":"product_tag","embeddable":true,"href":"https:\/\/mobecor.ee\/en\/wp-json\/wp\/v2\/product_tag?post=25390"}],"curies":[{"name":"wp","href":"https:\/\/api.w.org\/{rel}","templated":true}]}}