{"id":25391,"date":"2025-05-06T08:46:31","date_gmt":"2025-05-06T08:46:31","guid":{"rendered":"https:\/\/mobecor.ee\/?post_type=product&#038;p=25391"},"modified":"2026-03-12T12:09:33","modified_gmt":"2026-03-12T10:09:33","slug":"bio-hard-standard-kangaga","status":"publish","type":"product","link":"https:\/\/mobecor.ee\/en\/toode\/bio-hard-standard-kangaga\/","title":{"rendered":"Bio Hard"},"content":{"rendered":"<p>Sellel vedrudeta madratsil on n\u00f5rk ortopeediline toime.<br \/>\nK\u00f5rge elastse pol\u00fcuretaanvahu (HR foam) ja kookoskiu kihtide kombinatsioon muudab madratsi keskmisest tugevamaks.<br \/>\nHR vaht on \u00fcsna tihe s\u00fcnteetiline materjal, kuid selle valmistamise tehnoloogia annab sellele pika &#8220;eluea&#8221;, s\u00e4ilitades selle omadused ja funktsionaalsuse.<br \/>\nKookoskiu kihid, tagavad parema \u00f5huringluse ning takistavad niiskuse kogunemist ja tolmulestade kasvu madratsil.<br \/>\nKookoskiud on puhtalt loodusliku p\u00e4ritoluga materjal, millel on k\u00f5rged ortopeedilised omadused, erakordne \u00f5hu l\u00e4bilaskvus, mis takistab niiskuse kogunemist madratsi sees ning tolmulestade levimist.<br \/>\nSisu:<br \/>\n* puuvillane vatiin,<br \/>\n* kookoskiud 2 cm,<br \/>\n* HR poroloon 2 cm,<br \/>\n* kookoskiud 2 cm,<br \/>\n* HR poroloon 2 cm,<br \/>\n* kookoskiud 2 cm,<br \/>\n* HR poroloon 2 cm,<br \/>\n* kookoskiud 2 cm,<br \/>\n* HR poroloon 2 cm,<br \/>\nToodetud: L\u00e4tis.<\/p>\n","protected":false},"excerpt":{"rendered":"<p>K\u00f5rgus: 17 cm.<br \/>\nS\u00fcgavus: 200 cm.<br \/>\nLaiused: 80; 90; 120; 140; 160; 180 cm.<br \/>\nTarneaeg: kuni 4 n\u00e4dalat.<\/p>\n","protected":false},"featured_media":2604,"template":"","meta":{"_acf_changed":false,"inline_featured_image":false},"series":[],"product_brand":[2858],"product_cat":[296],"product_tag":[],"class_list":{"0":"post-25391","1":"product","2":"type-product","3":"status-publish","4":"has-post-thumbnail","6":"product_brand-sendeko","7":"product_cat-sendeko-vedruta-madratsid","9":"first","10":"instock","11":"taxable","12":"shipping-taxable","13":"purchasable","14":"product-type-variable"},"acf":[],"_links":{"self":[{"href":"https:\/\/mobecor.ee\/en\/wp-json\/wp\/v2\/product\/25391","targetHints":{"allow":["GET"]}}],"collection":[{"href":"https:\/\/mobecor.ee\/en\/wp-json\/wp\/v2\/product"}],"about":[{"href":"https:\/\/mobecor.ee\/en\/wp-json\/wp\/v2\/types\/product"}],"wp:featuredmedia":[{"embeddable":true,"href":"https:\/\/mobecor.ee\/en\/wp-json\/wp\/v2\/media\/2604"}],"wp:attachment":[{"href":"https:\/\/mobecor.ee\/en\/wp-json\/wp\/v2\/media?parent=25391"}],"wp:term":[{"taxonomy":"series","embeddable":true,"href":"https:\/\/mobecor.ee\/en\/wp-json\/wp\/v2\/series?post=25391"},{"taxonomy":"product_brand","embeddable":true,"href":"https:\/\/mobecor.ee\/en\/wp-json\/wp\/v2\/product_brand?post=25391"},{"taxonomy":"product_cat","embeddable":true,"href":"https:\/\/mobecor.ee\/en\/wp-json\/wp\/v2\/product_cat?post=25391"},{"taxonomy":"product_tag","embeddable":true,"href":"https:\/\/mobecor.ee\/en\/wp-json\/wp\/v2\/product_tag?post=25391"}],"curies":[{"name":"wp","href":"https:\/\/api.w.org\/{rel}","templated":true}]}}