{"id":25392,"date":"2025-05-06T08:46:35","date_gmt":"2025-05-06T08:46:35","guid":{"rendered":"https:\/\/mobecor.ee\/?post_type=product&#038;p=25392"},"modified":"2026-03-12T12:09:22","modified_gmt":"2026-03-12T10:09:22","slug":"bio-med-standard-kangaga","status":"publish","type":"product","link":"https:\/\/mobecor.ee\/en\/toode\/bio-med-standard-kangaga\/","title":{"rendered":"Bio Med"},"content":{"rendered":"<p>Tugev mitmekihiline vedrudeta madrats.<br \/>\nMadrats\u00a0koosneb\u00a0vahelduvatest\u00a0pol\u00fcuretaanvahu- (m\u00f6\u00f6bli poroloon) ja kookoskiu kihtidest.<br \/>\nMadratsil on erineva\u00a0tugevusega k\u00fcljed.<br \/>\nTugevamat poolt katab kookoskiu kiht, madratsi teist poolt pol\u00fcuretaanvahu kiht, mis muudab selle k\u00fclje magamiseks veidi pehmemaks.<br \/>\nKookosp\u00e4hkli\u00a0kiud on taimne materjal, sellel on suurep\u00e4rane ventilatsioon ning see tagab ka parema \u00f5huringluse ning takistab niiskuse kogunemist ja tolmulestade kasvu madratsi sees.<br \/>\nTeisel k\u00fcljel on pol\u00fcuretaanvaht, mis on kergesti hooldatav, h\u00fcpoallergeenne materjal, \u00fcks populaarsemaid magamiss\u00fcsteemide aluseid.<br \/>\nSeda madratsit hindavad inimesed, kellel on k\u00f5rgeimad n\u00f5uded magamispinna j\u00e4ikusele.<br \/>\nSisu:<br \/>\n*\u00a0pol\u00fcuretaanvaht (m\u00f6\u00f6bli poroloon) 3 cm,<br \/>\n* kookoskiud 2 cm,<br \/>\n*\u00a0pol\u00fcuretaanvaht (m\u00f6\u00f6bli poroloon) 3 cm,<br \/>\n* kookoskiud 2 cm,<br \/>\n*\u00a0pol\u00fcuretaanvaht (m\u00f6\u00f6bli poroloon) 3 cm,<br \/>\n* kookoskiud 2 cm,<br \/>\n* puuvillane vatiin.<br \/>\nToodetud: L\u00e4tis.<\/p>\n","protected":false},"excerpt":{"rendered":"<p>K\u00f5rgus: 16 cm.<br \/>\nS\u00fcgavus: 200 cm.<br \/>\nLaiused: 80; 90; 120; 140; 160; 180 cm.<br \/>\nTarneaeg: kuni 4 n\u00e4dalat.<\/p>\n","protected":false},"featured_media":2606,"template":"","meta":{"_acf_changed":false,"inline_featured_image":false},"series":[],"product_brand":[2858],"product_cat":[296],"product_tag":[],"class_list":{"0":"post-25392","1":"product","2":"type-product","3":"status-publish","4":"has-post-thumbnail","6":"product_brand-sendeko","7":"product_cat-sendeko-vedruta-madratsid","9":"first","10":"instock","11":"taxable","12":"shipping-taxable","13":"purchasable","14":"product-type-variable"},"acf":[],"_links":{"self":[{"href":"https:\/\/mobecor.ee\/en\/wp-json\/wp\/v2\/product\/25392","targetHints":{"allow":["GET"]}}],"collection":[{"href":"https:\/\/mobecor.ee\/en\/wp-json\/wp\/v2\/product"}],"about":[{"href":"https:\/\/mobecor.ee\/en\/wp-json\/wp\/v2\/types\/product"}],"wp:featuredmedia":[{"embeddable":true,"href":"https:\/\/mobecor.ee\/en\/wp-json\/wp\/v2\/media\/2606"}],"wp:attachment":[{"href":"https:\/\/mobecor.ee\/en\/wp-json\/wp\/v2\/media?parent=25392"}],"wp:term":[{"taxonomy":"series","embeddable":true,"href":"https:\/\/mobecor.ee\/en\/wp-json\/wp\/v2\/series?post=25392"},{"taxonomy":"product_brand","embeddable":true,"href":"https:\/\/mobecor.ee\/en\/wp-json\/wp\/v2\/product_brand?post=25392"},{"taxonomy":"product_cat","embeddable":true,"href":"https:\/\/mobecor.ee\/en\/wp-json\/wp\/v2\/product_cat?post=25392"},{"taxonomy":"product_tag","embeddable":true,"href":"https:\/\/mobecor.ee\/en\/wp-json\/wp\/v2\/product_tag?post=25392"}],"curies":[{"name":"wp","href":"https:\/\/api.w.org\/{rel}","templated":true}]}}