{"id":25394,"date":"2025-05-06T08:46:41","date_gmt":"2025-05-06T08:46:41","guid":{"rendered":"https:\/\/mobecor.ee\/?post_type=product&#038;p=25394"},"modified":"2026-03-10T13:57:29","modified_gmt":"2026-03-10T11:57:29","slug":"alex-standard-kattega","status":"publish","type":"product","link":"https:\/\/mobecor.ee\/en\/toode\/alex-standard-kattega\/","title":{"rendered":"Kattemadrats Alex"},"content":{"rendered":"<p>Keskmise k\u00f5vadusega kattemadrats, mille sisuks on kerge vahtpol\u00fcuretaan &#8211; m\u00f6\u00f6bli poroloon.<br \/>\nSee on kergesti hooldatav s\u00fcnteetiline materjal, mida kasutatakse k\u00f5ige sagedamini erinevate magamiss\u00fcsteemide alusena.<br \/>\nKattemadratsi tepitud kate on lukuga eemaldatav ja pestav.<br \/>\nKoostis:<br \/>\n* tepitud kangas,<br \/>\n*\u00a0poroloon 4\u00a0cm,<br \/>\n* tepitud kangas.<br \/>\nToodetud: L\u00e4tis.<span style=\"font-size: 10pt;\"><br \/>\n<\/span><\/p>\n<p>&nbsp;<\/p>\n","protected":false},"excerpt":{"rendered":"<p>K\u00f5rgus: 5\u00a0cm.<br \/>\nS\u00fcgavus: 200 cm.<br \/>\nLaiused: 80; 90; 120; 140; 160; 180 cm.<br \/>\nTarneaeg: kuni 4 n\u00e4dalat.<\/p>\n","protected":false},"featured_media":2610,"template":"","meta":{"_acf_changed":false,"inline_featured_image":false},"series":[],"product_brand":[2858],"product_cat":[389],"product_tag":[],"class_list":{"0":"post-25394","1":"product","2":"type-product","3":"status-publish","4":"has-post-thumbnail","6":"product_brand-sendeko","7":"product_cat-sendeko-kattemadratsid","9":"first","10":"instock","11":"taxable","12":"shipping-taxable","13":"purchasable","14":"product-type-variable"},"acf":[],"_links":{"self":[{"href":"https:\/\/mobecor.ee\/en\/wp-json\/wp\/v2\/product\/25394","targetHints":{"allow":["GET"]}}],"collection":[{"href":"https:\/\/mobecor.ee\/en\/wp-json\/wp\/v2\/product"}],"about":[{"href":"https:\/\/mobecor.ee\/en\/wp-json\/wp\/v2\/types\/product"}],"wp:featuredmedia":[{"embeddable":true,"href":"https:\/\/mobecor.ee\/en\/wp-json\/wp\/v2\/media\/2610"}],"wp:attachment":[{"href":"https:\/\/mobecor.ee\/en\/wp-json\/wp\/v2\/media?parent=25394"}],"wp:term":[{"taxonomy":"series","embeddable":true,"href":"https:\/\/mobecor.ee\/en\/wp-json\/wp\/v2\/series?post=25394"},{"taxonomy":"product_brand","embeddable":true,"href":"https:\/\/mobecor.ee\/en\/wp-json\/wp\/v2\/product_brand?post=25394"},{"taxonomy":"product_cat","embeddable":true,"href":"https:\/\/mobecor.ee\/en\/wp-json\/wp\/v2\/product_cat?post=25394"},{"taxonomy":"product_tag","embeddable":true,"href":"https:\/\/mobecor.ee\/en\/wp-json\/wp\/v2\/product_tag?post=25394"}],"curies":[{"name":"wp","href":"https:\/\/api.w.org\/{rel}","templated":true}]}}