{"id":25395,"date":"2025-05-06T08:46:45","date_gmt":"2025-05-06T08:46:45","guid":{"rendered":"https:\/\/mobecor.ee\/?post_type=product&#038;p=25395"},"modified":"2026-03-10T13:57:06","modified_gmt":"2026-03-10T11:57:06","slug":"biruta-standard-kangaga","status":"publish","type":"product","link":"https:\/\/mobecor.ee\/en\/toode\/biruta-standard-kangaga\/","title":{"rendered":"Kattemadrats Biruta"},"content":{"rendered":"<p>Erineva k\u00f5vadusega k\u00fclgedega kattemadrats.<br \/>\nKattemadratsi \u00fchel poolel pol\u00fcuretaanvaht (m\u00f6\u00f6bli poroloon) ja teisel kookoskiud.<br \/>\nPU vaht (m\u00f6\u00f6bli poroloon &#8211; vahtpol\u00fcuretaan) on kergesti hooldatav s\u00fcnteetiline materjal, mida kasutatakse k\u00f5ige sagedamini erinevate magamiss\u00fcsteemide alusena.<br \/>\nKookoskiud on puhtalt loodusliku p\u00e4ritoluga materjal, millel on k\u00f5rged ortopeedilised omadused, erakordne \u00f5hu l\u00e4bilaskvus, mis takistab niiskuse kogunemist madratsi sees ning tolmulestade levimist.<br \/>\nKoostis:<br \/>\n* tepitud kangas,<br \/>\n*\u00a0poroloon 4\u00a0cm,<br \/>\n* kookoskuid 2\u00a0cm,<br \/>\n* vatiin,<br \/>\n* tepitud kangas.<br \/>\nKattemadratsi tepitud kate on lukuga eemaldatav ja pestav.<br \/>\nToodetud: L\u00e4tis.<\/p>\n","protected":false},"excerpt":{"rendered":"<p>Kattemadratsi k\u00f5rgus: 7\u00a0cm.<br \/>\nS\u00fcgavus: 200 cm.<br \/>\nLaiused: 80; 90; 120; 140; 160; 180 cm.<br \/>\nTarneaeg: kuni 4 n\u00e4dalat.<\/p>\n","protected":false},"featured_media":2612,"template":"","meta":{"_acf_changed":false,"inline_featured_image":false},"series":[],"product_brand":[2858],"product_cat":[389],"product_tag":[],"class_list":{"0":"post-25395","1":"product","2":"type-product","3":"status-publish","4":"has-post-thumbnail","6":"product_brand-sendeko","7":"product_cat-sendeko-kattemadratsid","9":"first","10":"instock","11":"taxable","12":"shipping-taxable","13":"purchasable","14":"product-type-variable"},"acf":[],"_links":{"self":[{"href":"https:\/\/mobecor.ee\/en\/wp-json\/wp\/v2\/product\/25395","targetHints":{"allow":["GET"]}}],"collection":[{"href":"https:\/\/mobecor.ee\/en\/wp-json\/wp\/v2\/product"}],"about":[{"href":"https:\/\/mobecor.ee\/en\/wp-json\/wp\/v2\/types\/product"}],"wp:featuredmedia":[{"embeddable":true,"href":"https:\/\/mobecor.ee\/en\/wp-json\/wp\/v2\/media\/2612"}],"wp:attachment":[{"href":"https:\/\/mobecor.ee\/en\/wp-json\/wp\/v2\/media?parent=25395"}],"wp:term":[{"taxonomy":"series","embeddable":true,"href":"https:\/\/mobecor.ee\/en\/wp-json\/wp\/v2\/series?post=25395"},{"taxonomy":"product_brand","embeddable":true,"href":"https:\/\/mobecor.ee\/en\/wp-json\/wp\/v2\/product_brand?post=25395"},{"taxonomy":"product_cat","embeddable":true,"href":"https:\/\/mobecor.ee\/en\/wp-json\/wp\/v2\/product_cat?post=25395"},{"taxonomy":"product_tag","embeddable":true,"href":"https:\/\/mobecor.ee\/en\/wp-json\/wp\/v2\/product_tag?post=25395"}],"curies":[{"name":"wp","href":"https:\/\/api.w.org\/{rel}","templated":true}]}}