{"id":25396,"date":"2025-05-06T08:46:48","date_gmt":"2025-05-06T08:46:48","guid":{"rendered":"https:\/\/mobecor.ee\/?post_type=product&#038;p=25396"},"modified":"2026-03-10T13:56:56","modified_gmt":"2026-03-10T11:56:56","slug":"laura-2-standard-kangaga","status":"publish","type":"product","link":"https:\/\/mobecor.ee\/en\/toode\/laura-2-standard-kangaga\/","title":{"rendered":"Kattemadrats Laura 2"},"content":{"rendered":"<p>Elastne ortopeedilise pinnaga madrats, mille sisuks on 3 cm naturaalne lateks.<br \/>\nLateks on naturaalne kulumiskindel materjal, mis on looduslik, vastupidav, elastne, laseb \u00f5hku l\u00e4bi ning millel on k\u00f5rged antiallergilised omadused.<br \/>\nKattemadratsi\u00a0tepitud kate on lukuga eemaldatav ja pestav.<br \/>\nToodetud: L\u00e4tis.<\/p>\n","protected":false},"excerpt":{"rendered":"<p>Kattemadratsi k\u00f5rgus: 4 cm.<br \/>\nS\u00fcgavus: 200 cm.<br \/>\nLaiused: 80; 90; 120; 140; 160; 180 cm.<br \/>\nTarneaeg: kuni 4 n\u00e4dalat.<\/p>\n","protected":false},"featured_media":2614,"template":"","meta":{"_acf_changed":false,"inline_featured_image":false},"series":[],"product_brand":[2858],"product_cat":[389],"product_tag":[],"class_list":{"0":"post-25396","1":"product","2":"type-product","3":"status-publish","4":"has-post-thumbnail","6":"product_brand-sendeko","7":"product_cat-sendeko-kattemadratsid","9":"first","10":"instock","11":"taxable","12":"shipping-taxable","13":"purchasable","14":"product-type-variable"},"acf":[],"_links":{"self":[{"href":"https:\/\/mobecor.ee\/en\/wp-json\/wp\/v2\/product\/25396","targetHints":{"allow":["GET"]}}],"collection":[{"href":"https:\/\/mobecor.ee\/en\/wp-json\/wp\/v2\/product"}],"about":[{"href":"https:\/\/mobecor.ee\/en\/wp-json\/wp\/v2\/types\/product"}],"wp:featuredmedia":[{"embeddable":true,"href":"https:\/\/mobecor.ee\/en\/wp-json\/wp\/v2\/media\/2614"}],"wp:attachment":[{"href":"https:\/\/mobecor.ee\/en\/wp-json\/wp\/v2\/media?parent=25396"}],"wp:term":[{"taxonomy":"series","embeddable":true,"href":"https:\/\/mobecor.ee\/en\/wp-json\/wp\/v2\/series?post=25396"},{"taxonomy":"product_brand","embeddable":true,"href":"https:\/\/mobecor.ee\/en\/wp-json\/wp\/v2\/product_brand?post=25396"},{"taxonomy":"product_cat","embeddable":true,"href":"https:\/\/mobecor.ee\/en\/wp-json\/wp\/v2\/product_cat?post=25396"},{"taxonomy":"product_tag","embeddable":true,"href":"https:\/\/mobecor.ee\/en\/wp-json\/wp\/v2\/product_tag?post=25396"}],"curies":[{"name":"wp","href":"https:\/\/api.w.org\/{rel}","templated":true}]}}